{"id":927,"date":"2025-02-10T15:54:33","date_gmt":"2025-02-10T15:54:33","guid":{"rendered":"https:\/\/new.hildasholm.org\/?page_id=927"},"modified":"2025-03-10T09:29:59","modified_gmt":"2025-03-10T08:29:59","slug":"byggnation-och-arkitektur","status":"publish","type":"page","link":"https:\/\/new.hildasholm.org\/en\/upptack-hildasholm\/huset\/byggnation-och-arkitektur\/","title":{"rendered":"Byggnation och arkitektur"},"content":{"rendered":"<div data-elementor-type=\"wp-page\" data-elementor-id=\"927\" class=\"elementor elementor-927\" data-elementor-post-type=\"page\">\n\t\t\t\t<div class=\"elementor-element elementor-element-7ed8e6c e-flex e-con-boxed e-con e-parent\" data-id=\"7ed8e6c\" data-element_type=\"container\" data-e-type=\"container\">\n\t\t\t\t\t<div class=\"e-con-inner\">\n\t\t<div class=\"elementor-element elementor-element-0efee47 e-con-full e-flex e-con e-child\" data-id=\"0efee47\" data-element_type=\"container\" data-e-type=\"container\">\n\t\t\t\t<div class=\"elementor-element elementor-element-95864fb elementor-widget elementor-widget-text-editor\" data-id=\"95864fb\" data-element_type=\"widget\" data-e-type=\"widget\" data-widget_type=\"text-editor.default\">\n\t\t\t\t<div class=\"elementor-widget-container\">\n\t\t\t\t\t\t\t\t\t<h2 data-start=\"180\" data-end=\"214\"><strong data-start=\"183\" data-end=\"212\">Byggnation och arkitektur<\/strong><\/h2><p data-start=\"215\" data-end=\"392\">N\u00e4r Hildasholm uppf\u00f6rdes 1910 anlitade Axel Munthe arkitekten <strong data-start=\"277\" data-end=\"292\">Torben Grut<\/strong>, k\u00e4nd f\u00f6r att ha ritat <strong data-start=\"316\" data-end=\"328\">Solliden<\/strong> \u00e5t kronprinsessan Viktoria och senare <strong data-start=\"367\" data-end=\"389\">Stockholms Stadion<\/strong>.<\/p><p data-start=\"394\" data-end=\"619\">Huset pr\u00e4glas av <strong data-start=\"411\" data-end=\"433\">nationalromantiken<\/strong> och influenser fr\u00e5n den brittiska <strong data-start=\"468\" data-end=\"496\">Arts and Crafts-r\u00f6relsen<\/strong>, d\u00e4r <strong data-start=\"502\" data-end=\"532\">\u00e4kta material och hantverk<\/strong> stod i fokus. Arkitekturen undviker stilblandningar och k\u00e4nnetecknas av rena linjer.<\/p><p data-start=\"621\" data-end=\"812\">Huvudbyggnaden, kallad <strong data-start=\"644\" data-end=\"658\">Steng\u00e5rden<\/strong>, \u00e4r murad i tegel med grov fasadputs, sm\u00e5rutiga f\u00f6nster och ett h\u00f6gt valmat tak med svart glaserat tegel. Tv\u00e5 mindre flygelbyggnader f\u00f6ljer samma stil.<\/p><p data-start=\"814\" data-end=\"961\">Bygget utf\u00f6rdes av <strong data-start=\"833\" data-end=\"888\">sockenbyggm\u00e4stare Hallmans Per Karlsson fr\u00e5n Tibble<\/strong> och stod klart h\u00f6sten 1911 till en kostnad av cirka <strong data-start=\"941\" data-end=\"958\">40 000 kronor<\/strong>.<\/p>\t\t\t\t\t\t\t\t<\/div>\n\t\t\t\t<\/div>\n\t\t\t\t<\/div>\n\t\t<div class=\"elementor-element elementor-element-6752e42 e-con-full e-flex e-con e-child\" data-id=\"6752e42\" data-element_type=\"container\" data-e-type=\"container\">\n\t\t\t\t<div class=\"elementor-element elementor-element-0c4aeaf elementor-widget elementor-widget-gallery\" data-id=\"0c4aeaf\" data-element_type=\"widget\" data-e-type=\"widget\" data-settings=\"{&quot;gallery_layout&quot;:&quot;justified&quot;,&quot;ideal_row_height&quot;:{&quot;unit&quot;:&quot;px&quot;,&quot;size&quot;:128,&quot;sizes&quot;:[]},&quot;lazyload&quot;:&quot;yes&quot;,&quot;ideal_row_height_tablet&quot;:{&quot;unit&quot;:&quot;px&quot;,&quot;size&quot;:150,&quot;sizes&quot;:[]},&quot;ideal_row_height_mobile&quot;:{&quot;unit&quot;:&quot;px&quot;,&quot;size&quot;:150,&quot;sizes&quot;:[]},&quot;gap&quot;:{&quot;unit&quot;:&quot;px&quot;,&quot;size&quot;:10,&quot;sizes&quot;:[]},&quot;gap_tablet&quot;:{&quot;unit&quot;:&quot;px&quot;,&quot;size&quot;:10,&quot;sizes&quot;:[]},&quot;gap_mobile&quot;:{&quot;unit&quot;:&quot;px&quot;,&quot;size&quot;:10,&quot;sizes&quot;:[]},&quot;link_to&quot;:&quot;file&quot;,&quot;overlay_background&quot;:&quot;yes&quot;,&quot;content_hover_animation&quot;:&quot;fade-in&quot;}\" data-widget_type=\"gallery.default\">\n\t\t\t\t<div class=\"elementor-widget-container\">\n\t\t\t\t\t\t\t<div class=\"elementor-gallery__container\">\n\t\t\t\t\t\t\t<a class=\"e-gallery-item elementor-gallery-item elementor-animated-content\" href=\"https:\/\/new.hildasholm.org\/wp-content\/uploads\/2025\/02\/Skarmavbild-2021-06-08-kl.-20.59.36.png\" data-elementor-open-lightbox=\"yes\" data-elementor-lightbox-slideshow=\"0c4aeaf\" data-elementor-lightbox-title=\"Hildasholm\" data-elementor-lightbox-description=\"Hildasholms huvudbyggnad, en st\u00e5tlig vit herrg\u00e5rd, st\u00e5r vackert inramad av natur och tr\u00e4dg\u00e5rdskonst. De formklippta buskarna i f\u00f6rgrunden tillf\u00f6r en lekfull och elegant touch till den historiska milj\u00f6n. Byggnaden har en unik historia kopplad till Axel Munthe och speglar en svunnen tid med sitt tidl\u00f6sa uttryck.\" data-e-action-hash=\"#elementor-action%3Aaction%3Dlightbox%26settings%3DeyJpZCI6ODQ4LCJ1cmwiOiJodHRwczpcL1wvbmV3LmhpbGRhc2hvbG0ub3JnXC93cC1jb250ZW50XC91cGxvYWRzXC8yMDI1XC8wMlwvU2thcm1hdmJpbGQtMjAyMS0wNi0wOC1rbC4tMjAuNTkuMzYucG5nIiwic2xpZGVzaG93IjoiMGM0YWVhZiJ9\">\n\t\t\t\t\t<div class=\"e-gallery-image elementor-gallery-item__image\" data-thumbnail=\"https:\/\/new.hildasholm.org\/wp-content\/uploads\/2025\/02\/Skarmavbild-2021-06-08-kl.-20.59.36.png\" data-width=\"944\" data-height=\"602\" aria-label=\"The white main building of Hildasholm with shaped trees in the foreground and green surroundings.\" role=\"img\" ><\/div>\n\t\t\t\t\t\t\t\t\t\t\t<div class=\"elementor-gallery-item__overlay\"><\/div>\n\t\t\t\t\t\t\t\t\t\t\t\t\t\t<\/a>\n\t\t\t\t\t\t\t<a class=\"e-gallery-item elementor-gallery-item elementor-animated-content\" href=\"https:\/\/new.hildasholm.org\/wp-content\/uploads\/2022\/04\/I8A9166.jpg\" data-elementor-open-lightbox=\"yes\" data-elementor-lightbox-slideshow=\"0c4aeaf\" data-elementor-lightbox-title=\"Baksidan\" data-elementor-lightbox-description=\"Hildasholms arkitektur b\u00e4r p\u00e5 influenser fr\u00e5n b\u00e5de nordisk och sydeuropeisk stil. Den rikt utsmyckade entr\u00e9n, flankerad av skulpturer och f\u00e4rgsprakande blommor, \u00e4r ett exempel p\u00e5 den konstn\u00e4rliga k\u00e4nsla som pr\u00e4glar hela g\u00e5rden.\" data-e-action-hash=\"#elementor-action%3Aaction%3Dlightbox%26settings%3DeyJpZCI6ODI2LCJ1cmwiOiJodHRwczpcL1wvbmV3LmhpbGRhc2hvbG0ub3JnXC93cC1jb250ZW50XC91cGxvYWRzXC8yMDIyXC8wNFwvSThBOTE2Ni5qcGciLCJzbGlkZXNob3ciOiIwYzRhZWFmIn0%3D\">\n\t\t\t\t\t<div class=\"e-gallery-image elementor-gallery-item__image\" data-thumbnail=\"https:\/\/new.hildasholm.org\/wp-content\/uploads\/2022\/04\/I8A9166-1024x683.jpg\" data-width=\"1024\" data-height=\"683\" aria-label=\"Classical statues stand on either side of a beautifully ornate entrance door.\" role=\"img\" ><\/div>\n\t\t\t\t\t\t\t\t\t\t\t<div class=\"elementor-gallery-item__overlay\"><\/div>\n\t\t\t\t\t\t\t\t\t\t\t\t\t\t<\/a>\n\t\t\t\t\t\t\t<a class=\"e-gallery-item elementor-gallery-item elementor-animated-content\" href=\"https:\/\/new.hildasholm.org\/wp-content\/uploads\/2025\/02\/22.jpg\" data-elementor-open-lightbox=\"yes\" data-elementor-lightbox-slideshow=\"0c4aeaf\" data-elementor-lightbox-title=\"Hildasholm huvudbyggnad\" data-elementor-lightbox-description=\"Hildasholm, det vackra sommarresidenset vid Siljans strand, omges av lummiga tr\u00e4dg\u00e5rdar och en atmosf\u00e4r av tidl\u00f6s elegans. Den ljusa fasaden kontrasterar vackert mot det djupgr\u00f6na landskapet, och varje detalj, fr\u00e5n f\u00f6nsterluckor till utsmyckningar, vittnar om dess historia. H\u00e4r bjuds bes\u00f6kare in till en resa genom tid och rum, d\u00e4r Axel Munthes arv lever vidare.\" data-e-action-hash=\"#elementor-action%3Aaction%3Dlightbox%26settings%3DeyJpZCI6MTY2OCwidXJsIjoiaHR0cHM6XC9cL25ldy5oaWxkYXNob2xtLm9yZ1wvd3AtY29udGVudFwvdXBsb2Fkc1wvMjAyNVwvMDJcLzIyLmpwZyIsInNsaWRlc2hvdyI6IjBjNGFlYWYifQ%3D%3D\">\n\t\t\t\t\t<div class=\"e-gallery-image elementor-gallery-item__image\" data-thumbnail=\"https:\/\/new.hildasholm.org\/wp-content\/uploads\/2025\/02\/22-1024x427.jpg\" data-width=\"1024\" data-height=\"427\" aria-label=\"Hildasholms vita huvudbyggnad i solljus.\" role=\"img\" ><\/div>\n\t\t\t\t\t\t\t\t\t\t\t<div class=\"elementor-gallery-item__overlay\"><\/div>\n\t\t\t\t\t\t\t\t\t\t\t\t\t\t<\/a>\n\t\t\t\t\t\t\t<a class=\"e-gallery-item elementor-gallery-item elementor-animated-content\" href=\"https:\/\/new.hildasholm.org\/wp-content\/uploads\/2022\/04\/I8A9053.jpg\" data-elementor-open-lightbox=\"yes\" data-elementor-lightbox-slideshow=\"0c4aeaf\" data-elementor-lightbox-title=\"Huvudbyggnad\" data-elementor-lightbox-description=\"Hildasholm \u00f6ppnar sina portar f\u00f6r bes\u00f6kare som vill uppleva dess unika blandning av historia, konst och natur. Den st\u00e5tliga huvudbyggnaden, inramad av smidesgrindar och gr\u00f6nska, vittnar om Axel Munthes arv och den omsorg som lagts p\u00e5 att bevara denna kulturhistoriska p\u00e4rla.\" data-e-action-hash=\"#elementor-action%3Aaction%3Dlightbox%26settings%3DeyJpZCI6ODIzLCJ1cmwiOiJodHRwczpcL1wvbmV3LmhpbGRhc2hvbG0ub3JnXC93cC1jb250ZW50XC91cGxvYWRzXC8yMDIyXC8wNFwvSThBOTA1My5qcGciLCJzbGlkZXNob3ciOiIwYzRhZWFmIn0%3D\">\n\t\t\t\t\t<div class=\"e-gallery-image elementor-gallery-item__image\" data-thumbnail=\"https:\/\/new.hildasholm.org\/wp-content\/uploads\/2022\/04\/I8A9053-1024x683.jpg\" data-width=\"1024\" data-height=\"683\" aria-label=\"Hildasholms huvudbyggnad.\" role=\"img\" ><\/div>\n\t\t\t\t\t\t\t\t\t\t\t<div class=\"elementor-gallery-item__overlay\"><\/div>\n\t\t\t\t\t\t\t\t\t\t\t\t\t\t<\/a>\n\t\t\t\t\t\t\t<a class=\"e-gallery-item elementor-gallery-item elementor-animated-content\" href=\"https:\/\/new.hildasholm.org\/wp-content\/uploads\/2025\/02\/huset.jpg\" data-elementor-open-lightbox=\"yes\" data-elementor-lightbox-slideshow=\"0c4aeaf\" data-elementor-lightbox-title=\"huset\" data-elementor-lightbox-description=\"En arkivbild av Hildasholm som visar herrg\u00e5rden i sin ursprungliga form. Detaljer s\u00e5som \u00f6ppna f\u00f6nster, den karakt\u00e4ristiska putsade fasaden och den naturn\u00e4ra omgivningen ger en inblick i hur platsen s\u00e5g ut under sina f\u00f6rsta \u00e5r. Den svartvita tonen f\u00f6rst\u00e4rker den historiska k\u00e4nslan och kopplar byggnaden till dess anrika f\u00f6rflutna.\" data-e-action-hash=\"#elementor-action%3Aaction%3Dlightbox%26settings%3DeyJpZCI6MTE2MCwidXJsIjoiaHR0cHM6XC9cL25ldy5oaWxkYXNob2xtLm9yZ1wvd3AtY29udGVudFwvdXBsb2Fkc1wvMjAyNVwvMDJcL2h1c2V0LmpwZyIsInNsaWRlc2hvdyI6IjBjNGFlYWYifQ%3D%3D\">\n\t\t\t\t\t<div class=\"e-gallery-image elementor-gallery-item__image\" data-thumbnail=\"https:\/\/new.hildasholm.org\/wp-content\/uploads\/2025\/02\/huset-1024x576.jpg\" data-width=\"1024\" data-height=\"576\" aria-label=\"Historisk svartvit bild av Hildasholms huvudbyggnad med \u00f6ppna f\u00f6nster och omgiven av tr\u00e4d.\" role=\"img\" ><\/div>\n\t\t\t\t\t\t\t\t\t\t\t<div class=\"elementor-gallery-item__overlay\"><\/div>\n\t\t\t\t\t\t\t\t\t\t\t\t\t\t<\/a>\n\t\t\t\t\t\t\t<a class=\"e-gallery-item elementor-gallery-item elementor-animated-content\" href=\"https:\/\/new.hildasholm.org\/wp-content\/uploads\/2025\/03\/Main-entrence-e1741524586110.jpg\" data-elementor-open-lightbox=\"yes\" data-elementor-lightbox-slideshow=\"0c4aeaf\" data-elementor-lightbox-title=\"Main entrence\" data-e-action-hash=\"#elementor-action%3Aaction%3Dlightbox%26settings%3DeyJpZCI6MTc3MiwidXJsIjoiaHR0cHM6XC9cL25ldy5oaWxkYXNob2xtLm9yZ1wvd3AtY29udGVudFwvdXBsb2Fkc1wvMjAyNVwvMDNcL01haW4tZW50cmVuY2UtZTE3NDE1MjQ1ODYxMTAuanBnIiwic2xpZGVzaG93IjoiMGM0YWVhZiJ9\">\n\t\t\t\t\t<div class=\"e-gallery-image elementor-gallery-item__image\" data-thumbnail=\"https:\/\/new.hildasholm.org\/wp-content\/uploads\/2025\/03\/Main-entrence-e1741524586110-1024x321.jpg\" data-width=\"1024\" data-height=\"321\" aria-label=\"Hildasholms huvudbyggnad sedd genom entr\u00e9porten.\" role=\"img\" ><\/div>\n\t\t\t\t\t\t\t\t\t\t\t<div class=\"elementor-gallery-item__overlay\"><\/div>\n\t\t\t\t\t\t\t\t\t\t\t\t\t\t<\/a>\n\t\t\t\t\t<\/div>\n\t\t\t\t\t<\/div>\n\t\t\t\t<\/div>\n\t\t\t\t<\/div>\n\t\t\t\t\t<\/div>\n\t\t\t\t<\/div>\n\t\t\t\t<\/div>","protected":false},"excerpt":{"rendered":"<p>Byggnation och arkitektur N\u00e4r Hildasholm uppf\u00f6rdes 1910 anlitade Axel Munthe arkitekten Torben Grut, k\u00e4nd f\u00f6r att ha ritat Solliden \u00e5t kronprinsessan Viktoria och senare Stockholms Stadion. Huset pr\u00e4glas av nationalromantiken [&hellip;]<\/p>\n","protected":false},"author":2,"featured_media":0,"parent":1140,"menu_order":0,"comment_status":"closed","ping_status":"closed","template":"","meta":{"_EventAllDay":false,"_EventTimezone":"","_EventStartDate":"","_EventEndDate":"","_EventStartDateUTC":"","_EventEndDateUTC":"","_EventShowMap":false,"_EventShowMapLink":false,"_EventURL":"","_EventCost":"","_EventCostDescription":"","_EventCurrencySymbol":"","_EventCurrencyCode":"","_EventCurrencyPosition":"","_EventDateTimeSeparator":"","_EventTimeRangeSeparator":"","_EventOrganizerID":[],"_EventVenueID":[],"_OrganizerEmail":"","_OrganizerPhone":"","_OrganizerWebsite":"","_VenueAddress":"","_VenueCity":"","_VenueCountry":"","_VenueProvince":"","_VenueState":"","_VenueZip":"","_VenuePhone":"","_VenueURL":"","_VenueStateProvince":"","_VenueLat":"","_VenueLng":"","_VenueShowMap":false,"_VenueShowMapLink":false,"ocean_post_layout":"full-width","ocean_both_sidebars_style":"","ocean_both_sidebars_content_width":0,"ocean_both_sidebars_sidebars_width":0,"ocean_sidebar":"","ocean_second_sidebar":"","ocean_disable_margins":"enable","ocean_add_body_class":"","ocean_shortcode_before_top_bar":"","ocean_shortcode_after_top_bar":"","ocean_shortcode_before_header":"","ocean_shortcode_after_header":"","ocean_has_shortcode":"","ocean_shortcode_after_title":"","ocean_shortcode_before_footer_widgets":"","ocean_shortcode_after_footer_widgets":"","ocean_shortcode_before_footer_bottom":"","ocean_shortcode_after_footer_bottom":"","ocean_display_top_bar":"default","ocean_display_header":"default","ocean_header_style":"","ocean_center_header_left_menu":"","ocean_custom_header_template":"","ocean_custom_logo":0,"ocean_custom_retina_logo":0,"ocean_custom_logo_max_width":0,"ocean_custom_logo_tablet_max_width":0,"ocean_custom_logo_mobile_max_width":0,"ocean_custom_logo_max_height":0,"ocean_custom_logo_tablet_max_height":0,"ocean_custom_logo_mobile_max_height":0,"ocean_header_custom_menu":"","ocean_menu_typo_font_family":"","ocean_menu_typo_font_subset":"","ocean_menu_typo_font_size":0,"ocean_menu_typo_font_size_tablet":0,"ocean_menu_typo_font_size_mobile":0,"ocean_menu_typo_font_size_unit":"px","ocean_menu_typo_font_weight":"","ocean_menu_typo_font_weight_tablet":"","ocean_menu_typo_font_weight_mobile":"","ocean_menu_typo_transform":"","ocean_menu_typo_transform_tablet":"","ocean_menu_typo_transform_mobile":"","ocean_menu_typo_line_height":0,"ocean_menu_typo_line_height_tablet":0,"ocean_menu_typo_line_height_mobile":0,"ocean_menu_typo_line_height_unit":"","ocean_menu_typo_spacing":0,"ocean_menu_typo_spacing_tablet":0,"ocean_menu_typo_spacing_mobile":0,"ocean_menu_typo_spacing_unit":"","ocean_menu_link_color":"","ocean_menu_link_color_hover":"","ocean_menu_link_color_active":"","ocean_menu_link_background":"","ocean_menu_link_hover_background":"","ocean_menu_link_active_background":"","ocean_menu_social_links_bg":"","ocean_menu_social_hover_links_bg":"","ocean_menu_social_links_color":"","ocean_menu_social_hover_links_color":"","ocean_disable_title":"default","ocean_disable_heading":"default","ocean_post_title":"","ocean_post_subheading":"","ocean_post_title_style":"","ocean_post_title_background_color":"","ocean_post_title_background":0,"ocean_post_title_bg_image_position":"","ocean_post_title_bg_image_attachment":"","ocean_post_title_bg_image_repeat":"","ocean_post_title_bg_image_size":"","ocean_post_title_height":0,"ocean_post_title_bg_overlay":0.5,"ocean_post_title_bg_overlay_color":"","ocean_disable_breadcrumbs":"default","ocean_breadcrumbs_color":"","ocean_breadcrumbs_separator_color":"","ocean_breadcrumbs_links_color":"","ocean_breadcrumbs_links_hover_color":"","ocean_display_footer_widgets":"default","ocean_display_footer_bottom":"default","ocean_custom_footer_template":"","footnotes":""},"class_list":["post-927","page","type-page","status-publish","hentry","entry"],"_links":{"self":[{"href":"https:\/\/new.hildasholm.org\/en\/wp-json\/wp\/v2\/pages\/927","targetHints":{"allow":["GET"]}}],"collection":[{"href":"https:\/\/new.hildasholm.org\/en\/wp-json\/wp\/v2\/pages"}],"about":[{"href":"https:\/\/new.hildasholm.org\/en\/wp-json\/wp\/v2\/types\/page"}],"author":[{"embeddable":true,"href":"https:\/\/new.hildasholm.org\/en\/wp-json\/wp\/v2\/users\/2"}],"replies":[{"embeddable":true,"href":"https:\/\/new.hildasholm.org\/en\/wp-json\/wp\/v2\/comments?post=927"}],"version-history":[{"count":9,"href":"https:\/\/new.hildasholm.org\/en\/wp-json\/wp\/v2\/pages\/927\/revisions"}],"predecessor-version":[{"id":1933,"href":"https:\/\/new.hildasholm.org\/en\/wp-json\/wp\/v2\/pages\/927\/revisions\/1933"}],"up":[{"embeddable":true,"href":"https:\/\/new.hildasholm.org\/en\/wp-json\/wp\/v2\/pages\/1140"}],"wp:attachment":[{"href":"https:\/\/new.hildasholm.org\/en\/wp-json\/wp\/v2\/media?parent=927"}],"curies":[{"name":"wp","href":"https:\/\/api.w.org\/{rel}","templated":true}]}}