{"id":1521,"date":"2025-02-22T13:15:24","date_gmt":"2025-02-22T12:15:24","guid":{"rendered":"https:\/\/new.hildasholm.org\/?page_id=1521"},"modified":"2025-03-11T13:31:42","modified_gmt":"2025-03-11T12:31:42","slug":"kulturresan","status":"publish","type":"page","link":"https:\/\/new.hildasholm.org\/en\/besok-oss-2\/kulturresan\/","title":{"rendered":"Cultural trip"},"content":{"rendered":"<div data-elementor-type=\"wp-page\" data-elementor-id=\"1521\" class=\"elementor elementor-1521\" data-elementor-post-type=\"page\">\n\t\t\t\t<div class=\"elementor-element elementor-element-69acc5f e-flex e-con-boxed e-con e-parent\" data-id=\"69acc5f\" data-element_type=\"container\" data-e-type=\"container\">\n\t\t\t\t\t<div class=\"e-con-inner\">\n\t\t<div class=\"elementor-element elementor-element-6152284 e-con-full e-flex e-con e-child\" data-id=\"6152284\" data-element_type=\"container\" data-e-type=\"container\">\n\t\t\t\t<div class=\"elementor-element elementor-element-0f6348e elementor-widget elementor-widget-text-editor\" data-id=\"0f6348e\" data-element_type=\"widget\" data-e-type=\"widget\" data-widget_type=\"text-editor.default\">\n\t\t\t\t<div class=\"elementor-widget-container\">\n\t\t\t\t\t\t\t\t\t<h2 data-start=\"79\" data-end=\"169\"><strong data-start=\"83\" data-end=\"167\">Visit nine historic sites<\/strong><\/h2><p data-start=\"171\" data-end=\"439\">Hildasholm is part of <strong data-start=\"195\" data-end=\"218\">Cultural trip to Dalarna<\/strong>, a unique tour through some of the county's most exciting cultural and historical attractions. With the <strong data-start=\"306\" data-end=\"322\">Cultural passport<\/strong> you will have the opportunity to explore <strong data-start=\"353\" data-end=\"384\">nine unique cultural experiences<\/strong>, collect stamps and take advantage of exclusive offers.<\/p><p data-start=\"441\" data-end=\"618\">In addition to Hildasholm, the programme also includes\u00a0<strong data-start=\"471\" data-end=\"601\"><a href=\"https:\/\/verket.se\/svenska\/avesta-art\/\" target=\"_blank\" rel=\"noopener\">Avesta Art<\/a>, <a href=\"https:\/\/zorn.se\/\" target=\"_blank\" rel=\"noopener\">The Wrath Museum<\/a>, <a href=\"https:\/\/www.carllarsson.se\/\" target=\"_blank\" rel=\"noopener\">Carl Larsson farm<\/a>, <a href=\"https:\/\/www.falugruva.se\/\" target=\"_blank\" rel=\"noopener\">Falu Mine<\/a>, <a href=\"https:\/\/www.borlange.se\/ornasstugan\" target=\"_blank\" rel=\"noopener\">Orn\u00e4sstugan<\/a>, <a href=\"https:\/\/www.rockdale.se\/#\/porfyrmuseet\" target=\"_blank\" rel=\"noopener\">Porphyry and Hagstrom Museum<\/a>, <a href=\"http:\/\/dalarnasmuseum.se\/\" target=\"_blank\" rel=\"noopener\">Dalarna Museum<\/a> and <a href=\"https:\/\/www.nilsolsson.se\/\" target=\"_blank\" rel=\"noopener\">Nils Olsson Dala horses<\/a><\/strong> in the Cultural Journey.<\/p><h3 data-start=\"620\" data-end=\"651\"><strong data-start=\"620\" data-end=\"649\">This is how the Culture Pass works:<\/strong><\/h3><ul data-start=\"652\" data-end=\"987\"><li data-start=\"652\" data-end=\"727\">The Culture Pass can be purchased at all participating destinations for <strong data-start=\"714\" data-end=\"724\">125 kr<\/strong>.<\/li><li data-start=\"728\" data-end=\"817\">At each visit you will receive a <strong data-start=\"756\" data-end=\"767\">stamp<\/strong> and can utilise a <strong data-start=\"789\" data-end=\"814\">favourable offer<\/strong>.<\/li><li data-start=\"818\" data-end=\"924\">Once you have collected stamps from all nine locations, you will receive a <strong data-start=\"879\" data-end=\"921\">special edition of Kulturresans dalah\u00e4st<\/strong>.<\/li><li data-start=\"925\" data-end=\"987\">The passport is valid for <strong data-start=\"945\" data-end=\"967\">one person for two years<\/strong> from the date of purchase.<\/li><\/ul><p data-start=\"989\" data-end=\"1087\">Plan your trip, discover the rich history of Dalarna and visit Hildasholm as part of the Cultural Journey!<\/p>\t\t\t\t\t\t\t\t<\/div>\n\t\t\t\t<\/div>\n\t\t\t\t<div class=\"elementor-element elementor-element-57d62c4 elementor-widget elementor-widget-button\" data-id=\"57d62c4\" data-element_type=\"widget\" data-e-type=\"widget\" data-widget_type=\"button.default\">\n\t\t\t\t<div class=\"elementor-widget-container\">\n\t\t\t\t\t\t\t\t\t<div class=\"elementor-button-wrapper\">\n\t\t\t\t\t<a class=\"elementor-button elementor-button-link elementor-size-sm\" href=\"https:\/\/www.visitdalarna.se\/kultur\/kulturresan\" target=\"_blank\">\n\t\t\t\t\t\t<span class=\"elementor-button-content-wrapper\">\n\t\t\t\t\t\t\t\t\t<span class=\"elementor-button-text\">The cultural trip at Visit Dalarna<\/span>\n\t\t\t\t\t<\/span>\n\t\t\t\t\t<\/a>\n\t\t\t\t<\/div>\n\t\t\t\t\t\t\t\t<\/div>\n\t\t\t\t<\/div>\n\t\t\t\t<\/div>\n\t\t<div class=\"elementor-element elementor-element-f2a4a7f e-con-full e-flex e-con e-child\" data-id=\"f2a4a7f\" data-element_type=\"container\" data-e-type=\"container\">\n\t\t\t\t<div class=\"elementor-element elementor-element-944d1b5 elementor-widget elementor-widget-image\" data-id=\"944d1b5\" data-element_type=\"widget\" data-e-type=\"widget\" data-widget_type=\"image.default\">\n\t\t\t\t<div class=\"elementor-widget-container\">\n\t\t\t\t\t\t\t\t\t\t\t\t\t\t\t<img fetchpriority=\"high\" decoding=\"async\" width=\"819\" height=\"1024\" src=\"https:\/\/new.hildasholm.org\/wp-content\/uploads\/2025\/02\/Kulturresan-819x1024.jpg\" class=\"attachment-large size-large wp-image-1523\" alt=\"R\u00f6tt pass f\u00f6r kulturresan i Dalarna.\" srcset=\"https:\/\/new.hildasholm.org\/wp-content\/uploads\/2025\/02\/Kulturresan-819x1024.jpg 819w, https:\/\/new.hildasholm.org\/wp-content\/uploads\/2025\/02\/Kulturresan-240x300.jpg 240w, https:\/\/new.hildasholm.org\/wp-content\/uploads\/2025\/02\/Kulturresan-768x960.jpg 768w, https:\/\/new.hildasholm.org\/wp-content\/uploads\/2025\/02\/Kulturresan-10x12.webp 10w, https:\/\/new.hildasholm.org\/wp-content\/uploads\/2025\/02\/Kulturresan.jpg 1080w\" sizes=\"(max-width: 819px) 100vw, 819px\" \/>\t\t\t\t\t\t\t\t\t\t\t\t\t\t\t<\/div>\n\t\t\t\t<\/div>\n\t\t\t\t<\/div>\n\t\t\t\t\t<\/div>\n\t\t\t\t<\/div>\n\t\t<div class=\"elementor-element elementor-element-20c70a6 e-flex e-con-boxed e-con e-parent\" data-id=\"20c70a6\" data-element_type=\"container\" data-e-type=\"container\">\n\t\t\t\t\t<div class=\"e-con-inner\">\n\t\t\t\t<div class=\"elementor-element elementor-element-109979f elementor-widget elementor-widget-spacer\" data-id=\"109979f\" data-element_type=\"widget\" data-e-type=\"widget\" data-widget_type=\"spacer.default\">\n\t\t\t\t<div class=\"elementor-widget-container\">\n\t\t\t\t\t\t\t<div class=\"elementor-spacer\">\n\t\t\t<div class=\"elementor-spacer-inner\"><\/div>\n\t\t<\/div>\n\t\t\t\t\t\t<\/div>\n\t\t\t\t<\/div>\n\t\t\t\t\t<\/div>\n\t\t\t\t<\/div>\n\t\t\t\t<\/div>","protected":false},"excerpt":{"rendered":"<p>Bes\u00f6k nio historiska platser Hildasholm \u00e4r en del av Kulturresan Dalarna, en unik rundresa genom n\u00e5gra av l\u00e4nets mest sp\u00e4nnande kulturhistoriska bes\u00f6ksm\u00e5l. Med Kulturpasset f\u00e5r du m\u00f6jlighet att utforska nio [&hellip;]<\/p>\n","protected":false},"author":2,"featured_media":0,"parent":509,"menu_order":0,"comment_status":"closed","ping_status":"closed","template":"elementor_header_footer","meta":{"_EventAllDay":false,"_EventTimezone":"","_EventStartDate":"","_EventEndDate":"","_EventStartDateUTC":"","_EventEndDateUTC":"","_EventShowMap":false,"_EventShowMapLink":false,"_EventURL":"","_EventCost":"","_EventCostDescription":"","_EventCurrencySymbol":"","_EventCurrencyCode":"","_EventCurrencyPosition":"","_EventDateTimeSeparator":"","_EventTimeRangeSeparator":"","_EventOrganizerID":[],"_EventVenueID":[],"_OrganizerEmail":"","_OrganizerPhone":"","_OrganizerWebsite":"","_VenueAddress":"","_VenueCity":"","_VenueCountry":"","_VenueProvince":"","_VenueState":"","_VenueZip":"","_VenuePhone":"","_VenueURL":"","_VenueStateProvince":"","_VenueLat":"","_VenueLng":"","_VenueShowMap":false,"_VenueShowMapLink":false,"ocean_post_layout":"full-width","ocean_both_sidebars_style":"","ocean_both_sidebars_content_width":0,"ocean_both_sidebars_sidebars_width":0,"ocean_sidebar":"","ocean_second_sidebar":"","ocean_disable_margins":"enable","ocean_add_body_class":"","ocean_shortcode_before_top_bar":"","ocean_shortcode_after_top_bar":"","ocean_shortcode_before_header":"","ocean_shortcode_after_header":"","ocean_has_shortcode":"","ocean_shortcode_after_title":"","ocean_shortcode_before_footer_widgets":"","ocean_shortcode_after_footer_widgets":"","ocean_shortcode_before_footer_bottom":"","ocean_shortcode_after_footer_bottom":"","ocean_display_top_bar":"default","ocean_display_header":"default","ocean_header_style":"","ocean_center_header_left_menu":"","ocean_custom_header_template":"","ocean_custom_logo":0,"ocean_custom_retina_logo":0,"ocean_custom_logo_max_width":0,"ocean_custom_logo_tablet_max_width":0,"ocean_custom_logo_mobile_max_width":0,"ocean_custom_logo_max_height":0,"ocean_custom_logo_tablet_max_height":0,"ocean_custom_logo_mobile_max_height":0,"ocean_header_custom_menu":"","ocean_menu_typo_font_family":"","ocean_menu_typo_font_subset":"","ocean_menu_typo_font_size":0,"ocean_menu_typo_font_size_tablet":0,"ocean_menu_typo_font_size_mobile":0,"ocean_menu_typo_font_size_unit":"px","ocean_menu_typo_font_weight":"","ocean_menu_typo_font_weight_tablet":"","ocean_menu_typo_font_weight_mobile":"","ocean_menu_typo_transform":"","ocean_menu_typo_transform_tablet":"","ocean_menu_typo_transform_mobile":"","ocean_menu_typo_line_height":0,"ocean_menu_typo_line_height_tablet":0,"ocean_menu_typo_line_height_mobile":0,"ocean_menu_typo_line_height_unit":"","ocean_menu_typo_spacing":0,"ocean_menu_typo_spacing_tablet":0,"ocean_menu_typo_spacing_mobile":0,"ocean_menu_typo_spacing_unit":"","ocean_menu_link_color":"","ocean_menu_link_color_hover":"","ocean_menu_link_color_active":"","ocean_menu_link_background":"","ocean_menu_link_hover_background":"","ocean_menu_link_active_background":"","ocean_menu_social_links_bg":"","ocean_menu_social_hover_links_bg":"","ocean_menu_social_links_color":"","ocean_menu_social_hover_links_color":"","ocean_disable_title":"default","ocean_disable_heading":"default","ocean_post_title":"","ocean_post_subheading":"","ocean_post_title_style":"","ocean_post_title_background_color":"","ocean_post_title_background":0,"ocean_post_title_bg_image_position":"","ocean_post_title_bg_image_attachment":"","ocean_post_title_bg_image_repeat":"","ocean_post_title_bg_image_size":"","ocean_post_title_height":0,"ocean_post_title_bg_overlay":0.5,"ocean_post_title_bg_overlay_color":"","ocean_disable_breadcrumbs":"default","ocean_breadcrumbs_color":"","ocean_breadcrumbs_separator_color":"","ocean_breadcrumbs_links_color":"","ocean_breadcrumbs_links_hover_color":"","ocean_display_footer_widgets":"default","ocean_display_footer_bottom":"default","ocean_custom_footer_template":"","footnotes":""},"class_list":["post-1521","page","type-page","status-publish","hentry","entry"],"_links":{"self":[{"href":"https:\/\/new.hildasholm.org\/en\/wp-json\/wp\/v2\/pages\/1521","targetHints":{"allow":["GET"]}}],"collection":[{"href":"https:\/\/new.hildasholm.org\/en\/wp-json\/wp\/v2\/pages"}],"about":[{"href":"https:\/\/new.hildasholm.org\/en\/wp-json\/wp\/v2\/types\/page"}],"author":[{"embeddable":true,"href":"https:\/\/new.hildasholm.org\/en\/wp-json\/wp\/v2\/users\/2"}],"replies":[{"embeddable":true,"href":"https:\/\/new.hildasholm.org\/en\/wp-json\/wp\/v2\/comments?post=1521"}],"version-history":[{"count":14,"href":"https:\/\/new.hildasholm.org\/en\/wp-json\/wp\/v2\/pages\/1521\/revisions"}],"predecessor-version":[{"id":2041,"href":"https:\/\/new.hildasholm.org\/en\/wp-json\/wp\/v2\/pages\/1521\/revisions\/2041"}],"up":[{"embeddable":true,"href":"https:\/\/new.hildasholm.org\/en\/wp-json\/wp\/v2\/pages\/509"}],"wp:attachment":[{"href":"https:\/\/new.hildasholm.org\/en\/wp-json\/wp\/v2\/media?parent=1521"}],"curies":[{"name":"wp","href":"https:\/\/api.w.org\/{rel}","templated":true}]}}