{"id":1462,"date":"2025-02-21T16:15:00","date_gmt":"2025-02-21T15:15:00","guid":{"rendered":"https:\/\/new.hildasholm.org\/?page_id=1462"},"modified":"2025-03-10T12:35:21","modified_gmt":"2025-03-10T11:35:21","slug":"hallbarhetspolicy-2","status":"publish","type":"page","link":"https:\/\/new.hildasholm.org\/en\/hallbarhetspolicy-2\/","title":{"rendered":"Sustainability policy"},"content":{"rendered":"<div data-elementor-type=\"wp-page\" data-elementor-id=\"1462\" class=\"elementor elementor-1462\" data-elementor-post-type=\"page\">\n\t\t\t\t<div class=\"elementor-element elementor-element-bce48c7 e-flex e-con-boxed e-con e-parent\" data-id=\"bce48c7\" data-element_type=\"container\" data-e-type=\"container\">\n\t\t\t\t\t<div class=\"e-con-inner\">\n\t\t<div class=\"elementor-element elementor-element-be01fed e-con-full e-flex e-con e-child\" data-id=\"be01fed\" data-element_type=\"container\" data-e-type=\"container\">\n\t\t\t\t<div class=\"elementor-element elementor-element-c5145e9 elementor-widget elementor-widget-text-editor\" data-id=\"c5145e9\" data-element_type=\"widget\" data-e-type=\"widget\" data-widget_type=\"text-editor.default\">\n\t\t\t\t<div class=\"elementor-widget-container\">\n\t\t\t\t\t\t\t\t\t\n<h1>Sustainability policy<\/h1>\n<p><strong>Munthe's Hildasholm is one of Dalarna's finest visitor attractions, as well as a listed building, whose purpose is to preserve the historical flavour of the cultural environment and offer accessibility for visitors.<\/strong><\/p>\n<p>Adjacent to the house is a surprising and stunning garden, whose garden rooms are laid out according to Arts &amp; Crafts' ideal plan. This was partly created by Hilda Pennington Mellor, wife of Axel Munthe and mother of Malcolm and Peter Munthe. The house was their summer home for many years from the early nineteenth century.<\/p>\n\n<p>Respecting the characteristics and conditions of our destination requires a long-term approach to sustainability.<\/p>\n\n<h2 class=\"wp-block-heading\">Purpose &amp; objectives<\/h2>\n\n<p>Hildasholm's purpose and goal with this sustainability policy is to both protect and safeguard our cultural heritage. We will have an inclusive tourism that welcomes all visitors. We want to be a positive actor in Leksand, among other things by being a good neighbour with Leksand's church, the municipality and Leksand's hockey arena, as well as having a good collaboration with the County Administrative Board.<\/p>\n\n<h2 class=\"wp-block-heading\">Definition<\/h2>\n\n<p>For us, financial sustainability means having a well thought-out and transparent budget that allows for a slow increase in visitor numbers, primarily through a widening of our opening hours, as well as increased accessibility of the Great House. The Foundation's long-term financial sustainability is also a prerequisite for the preservation of the monument and its general accessibility to visitors.<\/p>\n\n<p>For us, environmental sustainability means that the existing management plans for parks, gardens and buildings that are in place are well thought out, long-term and well anchored in the protection and provisions of the monument declaration. They are reviewed annually and updated as necessary. We endeavour to manage resources, materials and energy efficiently.<\/p>\n\n<p>For us, social sustainability means being a destination that puts the visitor (guest) in focus, and that we offer good working conditions for all staff.<\/p>\n\n<h2 class=\"wp-block-heading\">Commitment<\/h2>\n\n<p>In order to create long-term sustainability, the guidelines of this policy must be kept up to date in both Hildasholm's board and management team meetings.<\/p>\n\n<p><em>Hildasholm's sustainability policy is based on Region Dalarna's sustainability policy (RD19\/03346)<\/em><\/p>\n\t\t\t\t\t\t\t\t<\/div>\n\t\t\t\t<\/div>\n\t\t\t\t<\/div>\n\t\t<div class=\"elementor-element elementor-element-6c7302d e-con-full e-flex e-con e-child\" data-id=\"6c7302d\" data-element_type=\"container\" data-e-type=\"container\">\n\t\t\t\t<div class=\"elementor-element elementor-element-128db05 elementor-widget elementor-widget-gallery\" data-id=\"128db05\" data-element_type=\"widget\" data-e-type=\"widget\" data-settings=\"{&quot;gallery_layout&quot;:&quot;justified&quot;,&quot;lazyload&quot;:&quot;yes&quot;,&quot;ideal_row_height&quot;:{&quot;unit&quot;:&quot;px&quot;,&quot;size&quot;:200,&quot;sizes&quot;:[]},&quot;ideal_row_height_tablet&quot;:{&quot;unit&quot;:&quot;px&quot;,&quot;size&quot;:150,&quot;sizes&quot;:[]},&quot;ideal_row_height_mobile&quot;:{&quot;unit&quot;:&quot;px&quot;,&quot;size&quot;:150,&quot;sizes&quot;:[]},&quot;gap&quot;:{&quot;unit&quot;:&quot;px&quot;,&quot;size&quot;:10,&quot;sizes&quot;:[]},&quot;gap_tablet&quot;:{&quot;unit&quot;:&quot;px&quot;,&quot;size&quot;:10,&quot;sizes&quot;:[]},&quot;gap_mobile&quot;:{&quot;unit&quot;:&quot;px&quot;,&quot;size&quot;:10,&quot;sizes&quot;:[]},&quot;link_to&quot;:&quot;file&quot;,&quot;overlay_background&quot;:&quot;yes&quot;,&quot;content_hover_animation&quot;:&quot;fade-in&quot;}\" data-widget_type=\"gallery.default\">\n\t\t\t\t<div class=\"elementor-widget-container\">\n\t\t\t\t\t\t\t<div class=\"elementor-gallery__container\">\n\t\t\t\t\t\t\t<a class=\"e-gallery-item elementor-gallery-item elementor-animated-content\" href=\"https:\/\/new.hildasholm.org\/wp-content\/uploads\/2022\/04\/I8A7411.jpg\" data-elementor-open-lightbox=\"yes\" data-elementor-lightbox-slideshow=\"128db05\" data-elementor-lightbox-title=\"_I8A7411\" data-elementor-lightbox-description=\"Den gr\u00f6nskande tr\u00e4dg\u00e5rdsserveringen vid Hildas Kaf\u00e9 erbjuder en rofylld plats f\u00f6r bes\u00f6kare att sl\u00e5 sig ner och njuta av en kopp kaffe eller en l\u00e4tt m\u00e5ltid. Med historisk arkitektur i bakgrunden och omsorgsfullt formade tr\u00e4d i blickf\u00e5nget \u00e4r detta en plats d\u00e4r natur och kultur m\u00f6ts.\" data-e-action-hash=\"#elementor-action%3Aaction%3Dlightbox%26settings%3DeyJpZCI6ODA3LCJ1cmwiOiJodHRwczpcL1wvbmV3LmhpbGRhc2hvbG0ub3JnXC93cC1jb250ZW50XC91cGxvYWRzXC8yMDIyXC8wNFwvSThBNzQxMS5qcGciLCJzbGlkZXNob3ciOiIxMjhkYjA1In0%3D\">\n\t\t\t\t\t<div class=\"e-gallery-image elementor-gallery-item__image\" data-thumbnail=\"https:\/\/new.hildasholm.org\/wp-content\/uploads\/2022\/04\/I8A7411-1024x683.jpg\" data-width=\"1024\" data-height=\"683\" aria-label=\"A leafy garden dining area with wooden tables under a pergola, overlooking the manicured garden and main house.\" role=\"img\" ><\/div>\n\t\t\t\t\t\t\t\t\t\t\t<div class=\"elementor-gallery-item__overlay\"><\/div>\n\t\t\t\t\t\t\t\t\t\t\t\t\t\t<\/a>\n\t\t\t\t\t\t\t<a class=\"e-gallery-item elementor-gallery-item elementor-animated-content\" href=\"https:\/\/new.hildasholm.org\/wp-content\/uploads\/2025\/02\/Skarmavbild-2021-06-08-kl.-20.59.36.png\" data-elementor-open-lightbox=\"yes\" data-elementor-lightbox-slideshow=\"128db05\" data-elementor-lightbox-title=\"Hildasholm\" data-elementor-lightbox-description=\"Hildasholms huvudbyggnad, en st\u00e5tlig vit herrg\u00e5rd, st\u00e5r vackert inramad av natur och tr\u00e4dg\u00e5rdskonst. De formklippta buskarna i f\u00f6rgrunden tillf\u00f6r en lekfull och elegant touch till den historiska milj\u00f6n. Byggnaden har en unik historia kopplad till Axel Munthe och speglar en svunnen tid med sitt tidl\u00f6sa uttryck.\" data-e-action-hash=\"#elementor-action%3Aaction%3Dlightbox%26settings%3DeyJpZCI6ODQ4LCJ1cmwiOiJodHRwczpcL1wvbmV3LmhpbGRhc2hvbG0ub3JnXC93cC1jb250ZW50XC91cGxvYWRzXC8yMDI1XC8wMlwvU2thcm1hdmJpbGQtMjAyMS0wNi0wOC1rbC4tMjAuNTkuMzYucG5nIiwic2xpZGVzaG93IjoiMTI4ZGIwNSJ9\">\n\t\t\t\t\t<div class=\"e-gallery-image elementor-gallery-item__image\" data-thumbnail=\"https:\/\/new.hildasholm.org\/wp-content\/uploads\/2025\/02\/Skarmavbild-2021-06-08-kl.-20.59.36.png\" data-width=\"944\" data-height=\"602\" aria-label=\"The white main building of Hildasholm with shaped trees in the foreground and green surroundings.\" role=\"img\" ><\/div>\n\t\t\t\t\t\t\t\t\t\t\t<div class=\"elementor-gallery-item__overlay\"><\/div>\n\t\t\t\t\t\t\t\t\t\t\t\t\t\t<\/a>\n\t\t\t\t\t\t\t<a class=\"e-gallery-item elementor-gallery-item elementor-animated-content\" href=\"https:\/\/new.hildasholm.org\/wp-content\/uploads\/2022\/04\/I8A8866.jpg\" data-elementor-open-lightbox=\"yes\" data-elementor-lightbox-slideshow=\"128db05\" data-elementor-lightbox-title=\"Font\u00e4ntr\u00e4dg\u00e5rden\" data-elementor-lightbox-description=\"Font\u00e4nen i Hildasholms tr\u00e4dg\u00e5rd \u00e4r en av de mest rofyllda platserna p\u00e5 g\u00e5rden. Omgiven av vackra v\u00e4xter och med en bakgrund av sj\u00f6n och skogens gr\u00f6nska, skapar den en plats d\u00e4r naturens sk\u00f6nhet kan avnjutas i lugn och ro.\" data-e-action-hash=\"#elementor-action%3Aaction%3Dlightbox%26settings%3DeyJpZCI6ODIyLCJ1cmwiOiJodHRwczpcL1wvbmV3LmhpbGRhc2hvbG0ub3JnXC93cC1jb250ZW50XC91cGxvYWRzXC8yMDIyXC8wNFwvSThBODg2Ni5qcGciLCJzbGlkZXNob3ciOiIxMjhkYjA1In0%3D\">\n\t\t\t\t\t<div class=\"e-gallery-image elementor-gallery-item__image\" data-thumbnail=\"https:\/\/new.hildasholm.org\/wp-content\/uploads\/2022\/04\/I8A8866-683x1024.jpg\" data-width=\"683\" data-height=\"1024\" aria-label=\"A garden fountain surrounded by flowers.\" role=\"img\" ><\/div>\n\t\t\t\t\t\t\t\t\t\t\t<div class=\"elementor-gallery-item__overlay\"><\/div>\n\t\t\t\t\t\t\t\t\t\t\t\t\t\t<\/a>\n\t\t\t\t\t\t\t<a class=\"e-gallery-item elementor-gallery-item elementor-animated-content\" href=\"https:\/\/new.hildasholm.org\/wp-content\/uploads\/2025\/02\/ekotemplet-stor.jpg\" data-elementor-open-lightbox=\"yes\" data-elementor-lightbox-slideshow=\"128db05\" data-elementor-lightbox-title=\"ekotemplet-stor\" data-e-action-hash=\"#elementor-action%3Aaction%3Dlightbox%26settings%3DeyJpZCI6MTAxMCwidXJsIjoiaHR0cHM6XC9cL25ldy5oaWxkYXNob2xtLm9yZ1wvd3AtY29udGVudFwvdXBsb2Fkc1wvMjAyNVwvMDJcL2Vrb3RlbXBsZXQtc3Rvci5qcGciLCJzbGlkZXNob3ciOiIxMjhkYjA1In0%3D\">\n\t\t\t\t\t<div class=\"e-gallery-image elementor-gallery-item__image\" data-thumbnail=\"https:\/\/new.hildasholm.org\/wp-content\/uploads\/2025\/02\/ekotemplet-stor-1024x768.jpg\" data-width=\"1024\" data-height=\"768\" aria-label=\"\" role=\"img\" ><\/div>\n\t\t\t\t\t\t\t\t\t\t\t<div class=\"elementor-gallery-item__overlay\"><\/div>\n\t\t\t\t\t\t\t\t\t\t\t\t\t\t<\/a>\n\t\t\t\t\t\t\t<a class=\"e-gallery-item elementor-gallery-item elementor-animated-content\" href=\"https:\/\/new.hildasholm.org\/wp-content\/uploads\/2025\/02\/IMG_0157-scaled.jpg\" data-elementor-open-lightbox=\"yes\" data-elementor-lightbox-slideshow=\"128db05\" data-elementor-lightbox-title=\"IMG_0157\" data-e-action-hash=\"#elementor-action%3Aaction%3Dlightbox%26settings%3DeyJpZCI6MTA0MiwidXJsIjoiaHR0cHM6XC9cL25ldy5oaWxkYXNob2xtLm9yZ1wvd3AtY29udGVudFwvdXBsb2Fkc1wvMjAyNVwvMDJcL0lNR18wMTU3LXNjYWxlZC5qcGciLCJzbGlkZXNob3ciOiIxMjhkYjA1In0%3D\">\n\t\t\t\t\t<div class=\"e-gallery-image elementor-gallery-item__image\" data-thumbnail=\"https:\/\/new.hildasholm.org\/wp-content\/uploads\/2025\/02\/IMG_0157-768x1024.jpg\" data-width=\"768\" data-height=\"1024\" aria-label=\"\" role=\"img\" ><\/div>\n\t\t\t\t\t\t\t\t\t\t\t<div class=\"elementor-gallery-item__overlay\"><\/div>\n\t\t\t\t\t\t\t\t\t\t\t\t\t\t<\/a>\n\t\t\t\t\t\t\t<a class=\"e-gallery-item elementor-gallery-item elementor-animated-content\" href=\"https:\/\/new.hildasholm.org\/wp-content\/uploads\/2025\/02\/rosor-vid-fonster.jpg\" data-elementor-open-lightbox=\"yes\" data-elementor-lightbox-slideshow=\"128db05\" data-elementor-lightbox-title=\"Rosor vid f\u00f6nster\" data-elementor-lightbox-description=\"Solbelysta rosa rosor slingrar sig framf\u00f6r ett av Hildasholms f\u00f6nster. Den vitputsade fasaden pryds av en detaljrik, brunm\u00e5lad dekor i klassisk stil. Tr\u00e4dg\u00e5rden runt huset \u00e4r fylld av blomster som f\u00f6rst\u00e4rker den historiska atmosf\u00e4ren p\u00e5 Hildasholm.\" data-e-action-hash=\"#elementor-action%3Aaction%3Dlightbox%26settings%3DeyJpZCI6MTMyNSwidXJsIjoiaHR0cHM6XC9cL25ldy5oaWxkYXNob2xtLm9yZ1wvd3AtY29udGVudFwvdXBsb2Fkc1wvMjAyNVwvMDJcL3Jvc29yLXZpZC1mb25zdGVyLmpwZyIsInNsaWRlc2hvdyI6IjEyOGRiMDUifQ%3D%3D\">\n\t\t\t\t\t<div class=\"e-gallery-image elementor-gallery-item__image\" data-thumbnail=\"https:\/\/new.hildasholm.org\/wp-content\/uploads\/2025\/02\/rosor-vid-fonster-1024x427.jpg\" data-width=\"1024\" data-height=\"427\" aria-label=\"Close-up of pink roses in front of a red window with decorative facade embellishment at Hildasholm.\" role=\"img\" ><\/div>\n\t\t\t\t\t\t\t\t\t\t\t<div class=\"elementor-gallery-item__overlay\"><\/div>\n\t\t\t\t\t\t\t\t\t\t\t\t\t\t<\/a>\n\t\t\t\t\t\t\t<a class=\"e-gallery-item elementor-gallery-item elementor-animated-content\" href=\"https:\/\/new.hildasholm.org\/wp-content\/uploads\/2025\/02\/Lusthuset-1.jpg\" data-elementor-open-lightbox=\"yes\" data-elementor-lightbox-slideshow=\"128db05\" data-elementor-lightbox-title=\"Lusthuset\" data-elementor-lightbox-description=\"Djupt inne i Hildasholms tr\u00e4dg\u00e5rdar g\u00f6mmer sig detta charmiga lusthus, omfamnat av naturen. En plats f\u00f6r stillhet och eftertanke, d\u00e4r skuggorna dansar genom det gallerf\u00f6rsedda taket och vinden viskar bland l\u00f6ven. En perfekt tillflyktsort f\u00f6r en stunds vila eller en paus i sommarens gr\u00f6nska.\" data-e-action-hash=\"#elementor-action%3Aaction%3Dlightbox%26settings%3DeyJpZCI6MTUwNCwidXJsIjoiaHR0cHM6XC9cL25ldy5oaWxkYXNob2xtLm9yZ1wvd3AtY29udGVudFwvdXBsb2Fkc1wvMjAyNVwvMDJcL0x1c3RodXNldC0xLmpwZyIsInNsaWRlc2hvdyI6IjEyOGRiMDUifQ%3D%3D\">\n\t\t\t\t\t<div class=\"e-gallery-image elementor-gallery-item__image\" data-thumbnail=\"https:\/\/new.hildasholm.org\/wp-content\/uploads\/2025\/02\/Lusthuset-1-819x1024.jpg\" data-width=\"819\" data-height=\"1024\" aria-label=\"Black gazebo nestled in greenery.\" role=\"img\" ><\/div>\n\t\t\t\t\t\t\t\t\t\t\t<div class=\"elementor-gallery-item__overlay\"><\/div>\n\t\t\t\t\t\t\t\t\t\t\t\t\t\t<\/a>\n\t\t\t\t\t\t\t<a class=\"e-gallery-item elementor-gallery-item elementor-animated-content\" href=\"https:\/\/new.hildasholm.org\/wp-content\/uploads\/2025\/02\/Kokstradgarden-1.jpg\" data-elementor-open-lightbox=\"yes\" data-elementor-lightbox-slideshow=\"128db05\" data-elementor-lightbox-title=\"K\u00f6kstr\u00e4dg\u00e5rden\" data-elementor-lightbox-description=\"K\u00f6kstr\u00e4dg\u00e5rden p\u00e5 Hildasholm \u00e4r en levande plats d\u00e4r gr\u00f6nsaker och \u00f6rter odlas i en harmonisk milj\u00f6. Bland de frodiga odlingarna av squash, k\u00e5l och \u00f6rter st\u00e5r en charmig f\u00e5gelskr\u00e4mma, kl\u00e4dd i kostym och hatt, som en p\u00e5minnelse om platsens lekfulla och kreativa atmosf\u00e4r. Omgiven av vackra blommor och gr\u00f6nska \u00e4r detta en av Hildasholms m\u00e5nga tr\u00e4dg\u00e5rdar d\u00e4r historia och h\u00e5llbar odling g\u00e5r hand i hand.\" data-e-action-hash=\"#elementor-action%3Aaction%3Dlightbox%26settings%3DeyJpZCI6MTUwOSwidXJsIjoiaHR0cHM6XC9cL25ldy5oaWxkYXNob2xtLm9yZ1wvd3AtY29udGVudFwvdXBsb2Fkc1wvMjAyNVwvMDJcL0tva3N0cmFkZ2FyZGVuLTEuanBnIiwic2xpZGVzaG93IjoiMTI4ZGIwNSJ9\">\n\t\t\t\t\t<div class=\"e-gallery-image elementor-gallery-item__image\" data-thumbnail=\"https:\/\/new.hildasholm.org\/wp-content\/uploads\/2025\/02\/Kokstradgarden-1-819x1024.jpg\" data-width=\"819\" data-height=\"1024\" aria-label=\"Kitchen garden with vegetables and a scarecrow.\" role=\"img\" ><\/div>\n\t\t\t\t\t\t\t\t\t\t\t<div class=\"elementor-gallery-item__overlay\"><\/div>\n\t\t\t\t\t\t\t\t\t\t\t\t\t\t<\/a>\n\t\t\t\t\t\t\t<a class=\"e-gallery-item elementor-gallery-item elementor-animated-content\" href=\"https:\/\/new.hildasholm.org\/wp-content\/uploads\/2025\/02\/Kokstradgarden.jpg\" data-elementor-open-lightbox=\"yes\" data-elementor-lightbox-slideshow=\"128db05\" data-elementor-lightbox-title=\"K\u00f6kstr\u00e4dg\u00e5rden\" data-e-action-hash=\"#elementor-action%3Aaction%3Dlightbox%26settings%3DeyJpZCI6MTUxMCwidXJsIjoiaHR0cHM6XC9cL25ldy5oaWxkYXNob2xtLm9yZ1wvd3AtY29udGVudFwvdXBsb2Fkc1wvMjAyNVwvMDJcL0tva3N0cmFkZ2FyZGVuLmpwZyIsInNsaWRlc2hvdyI6IjEyOGRiMDUifQ%3D%3D\">\n\t\t\t\t\t<div class=\"e-gallery-image elementor-gallery-item__image\" data-thumbnail=\"https:\/\/new.hildasholm.org\/wp-content\/uploads\/2025\/02\/Kokstradgarden-819x1024.jpg\" data-width=\"819\" data-height=\"1024\" aria-label=\"A lush kitchen garden a scarecrow.\" role=\"img\" ><\/div>\n\t\t\t\t\t\t\t\t\t\t\t<div class=\"elementor-gallery-item__overlay\"><\/div>\n\t\t\t\t\t\t\t\t\t\t\t\t\t\t<\/a>\n\t\t\t\t\t\t\t<a class=\"e-gallery-item elementor-gallery-item elementor-animated-content\" href=\"https:\/\/new.hildasholm.org\/wp-content\/uploads\/2025\/02\/tradgard-ingemar-jobbande.jpg\" data-elementor-open-lightbox=\"yes\" data-elementor-lightbox-slideshow=\"128db05\" data-elementor-lightbox-title=\"tr\u00e4dg\u00e5rd ingemar jobbande\" data-elementor-lightbox-description=\"En tr\u00e4dg\u00e5rdsm\u00e4stare i bl\u00e5 skjorta och str\u00e5hatt gr\u00e4ver varsamt i jorden i Hildasholms tr\u00e4dg\u00e5rd. I f\u00f6rgrunden syns vallmoblommor och frodig gr\u00f6nska, medan bj\u00f6rkar och buskar ramar in scenen i bakgrunden. Tr\u00e4dg\u00e5rden \u00e4r en levande del av Hildasholm, d\u00e4r natur och kultur m\u00f6ts.\" data-e-action-hash=\"#elementor-action%3Aaction%3Dlightbox%26settings%3DeyJpZCI6MTMyNiwidXJsIjoiaHR0cHM6XC9cL25ldy5oaWxkYXNob2xtLm9yZ1wvd3AtY29udGVudFwvdXBsb2Fkc1wvMjAyNVwvMDJcL3RyYWRnYXJkLWluZ2VtYXItam9iYmFuZGUuanBnIiwic2xpZGVzaG93IjoiMTI4ZGIwNSJ9\">\n\t\t\t\t\t<div class=\"e-gallery-image elementor-gallery-item__image\" data-thumbnail=\"https:\/\/new.hildasholm.org\/wp-content\/uploads\/2025\/02\/tradgard-ingemar-jobbande-1024x427.jpg\" data-width=\"1024\" data-height=\"427\" aria-label=\"Hildasholm&#039;s gardeners work among greenery.\" role=\"img\" ><\/div>\n\t\t\t\t\t\t\t\t\t\t\t<div class=\"elementor-gallery-item__overlay\"><\/div>\n\t\t\t\t\t\t\t\t\t\t\t\t\t\t<\/a>\n\t\t\t\t\t<\/div>\n\t\t\t\t\t<\/div>\n\t\t\t\t<\/div>\n\t\t\t\t<\/div>\n\t\t\t\t\t<\/div>\n\t\t\t\t<\/div>\n\t\t<div class=\"elementor-element elementor-element-418ad615 e-flex e-con-boxed e-con e-parent\" data-id=\"418ad615\" data-element_type=\"container\" data-e-type=\"container\">\n\t\t\t\t\t<div class=\"e-con-inner\">\n\t\t\t\t\t<\/div>\n\t\t\t\t<\/div>\n\t\t\t\t<\/div>","protected":false},"excerpt":{"rendered":"<p>H\u00e5llbarhetspolicy Munthes Hildasholm \u00e4r ett av Dalarnas finaste bes\u00f6ksm\u00e5l, tillika ett byggnadsminne, vars syfte \u00e4r att bevara kulturmilj\u00f6ns historiska vingslag samt erbjuda tillg\u00e4nglighet f\u00f6r bes\u00f6kare. F\u00f6rutom huset finns en \u00f6verraskande [&hellip;]<\/p>\n","protected":false},"author":2,"featured_media":821,"parent":0,"menu_order":0,"comment_status":"closed","ping_status":"closed","template":"elementor_header_footer","meta":{"_EventAllDay":false,"_EventTimezone":"","_EventStartDate":"","_EventEndDate":"","_EventStartDateUTC":"","_EventEndDateUTC":"","_EventShowMap":false,"_EventShowMapLink":false,"_EventURL":"","_EventCost":"","_EventCostDescription":"","_EventCurrencySymbol":"","_EventCurrencyCode":"","_EventCurrencyPosition":"","_EventDateTimeSeparator":"","_EventTimeRangeSeparator":"","_EventOrganizerID":[],"_EventVenueID":[],"_OrganizerEmail":"","_OrganizerPhone":"","_OrganizerWebsite":"","_VenueAddress":"","_VenueCity":"","_VenueCountry":"","_VenueProvince":"","_VenueState":"","_VenueZip":"","_VenuePhone":"","_VenueURL":"","_VenueStateProvince":"","_VenueLat":"","_VenueLng":"","_VenueShowMap":false,"_VenueShowMapLink":false,"ocean_post_layout":"","ocean_both_sidebars_style":"","ocean_both_sidebars_content_width":0,"ocean_both_sidebars_sidebars_width":0,"ocean_sidebar":"","ocean_second_sidebar":"","ocean_disable_margins":"enable","ocean_add_body_class":"","ocean_shortcode_before_top_bar":"","ocean_shortcode_after_top_bar":"","ocean_shortcode_before_header":"","ocean_shortcode_after_header":"","ocean_has_shortcode":"","ocean_shortcode_after_title":"","ocean_shortcode_before_footer_widgets":"","ocean_shortcode_after_footer_widgets":"","ocean_shortcode_before_footer_bottom":"","ocean_shortcode_after_footer_bottom":"","ocean_display_top_bar":"default","ocean_display_header":"default","ocean_header_style":"","ocean_center_header_left_menu":"","ocean_custom_header_template":"","ocean_custom_logo":0,"ocean_custom_retina_logo":0,"ocean_custom_logo_max_width":0,"ocean_custom_logo_tablet_max_width":0,"ocean_custom_logo_mobile_max_width":0,"ocean_custom_logo_max_height":0,"ocean_custom_logo_tablet_max_height":0,"ocean_custom_logo_mobile_max_height":0,"ocean_header_custom_menu":"","ocean_menu_typo_font_family":"","ocean_menu_typo_font_subset":"","ocean_menu_typo_font_size":0,"ocean_menu_typo_font_size_tablet":0,"ocean_menu_typo_font_size_mobile":0,"ocean_menu_typo_font_size_unit":"px","ocean_menu_typo_font_weight":"","ocean_menu_typo_font_weight_tablet":"","ocean_menu_typo_font_weight_mobile":"","ocean_menu_typo_transform":"","ocean_menu_typo_transform_tablet":"","ocean_menu_typo_transform_mobile":"","ocean_menu_typo_line_height":0,"ocean_menu_typo_line_height_tablet":0,"ocean_menu_typo_line_height_mobile":0,"ocean_menu_typo_line_height_unit":"","ocean_menu_typo_spacing":0,"ocean_menu_typo_spacing_tablet":0,"ocean_menu_typo_spacing_mobile":0,"ocean_menu_typo_spacing_unit":"","ocean_menu_link_color":"","ocean_menu_link_color_hover":"","ocean_menu_link_color_active":"","ocean_menu_link_background":"","ocean_menu_link_hover_background":"","ocean_menu_link_active_background":"","ocean_menu_social_links_bg":"","ocean_menu_social_hover_links_bg":"","ocean_menu_social_links_color":"","ocean_menu_social_hover_links_color":"","ocean_disable_title":"default","ocean_disable_heading":"default","ocean_post_title":"","ocean_post_subheading":"","ocean_post_title_style":"","ocean_post_title_background_color":"","ocean_post_title_background":0,"ocean_post_title_bg_image_position":"","ocean_post_title_bg_image_attachment":"","ocean_post_title_bg_image_repeat":"","ocean_post_title_bg_image_size":"","ocean_post_title_height":0,"ocean_post_title_bg_overlay":0.5,"ocean_post_title_bg_overlay_color":"","ocean_disable_breadcrumbs":"default","ocean_breadcrumbs_color":"","ocean_breadcrumbs_separator_color":"","ocean_breadcrumbs_links_color":"","ocean_breadcrumbs_links_hover_color":"","ocean_display_footer_widgets":"default","ocean_display_footer_bottom":"default","ocean_custom_footer_template":"","footnotes":""},"class_list":["post-1462","page","type-page","status-publish","has-post-thumbnail","hentry","entry","has-media"],"_links":{"self":[{"href":"https:\/\/new.hildasholm.org\/en\/wp-json\/wp\/v2\/pages\/1462","targetHints":{"allow":["GET"]}}],"collection":[{"href":"https:\/\/new.hildasholm.org\/en\/wp-json\/wp\/v2\/pages"}],"about":[{"href":"https:\/\/new.hildasholm.org\/en\/wp-json\/wp\/v2\/types\/page"}],"author":[{"embeddable":true,"href":"https:\/\/new.hildasholm.org\/en\/wp-json\/wp\/v2\/users\/2"}],"replies":[{"embeddable":true,"href":"https:\/\/new.hildasholm.org\/en\/wp-json\/wp\/v2\/comments?post=1462"}],"version-history":[{"count":7,"href":"https:\/\/new.hildasholm.org\/en\/wp-json\/wp\/v2\/pages\/1462\/revisions"}],"predecessor-version":[{"id":2017,"href":"https:\/\/new.hildasholm.org\/en\/wp-json\/wp\/v2\/pages\/1462\/revisions\/2017"}],"wp:featuredmedia":[{"embeddable":true,"href":"https:\/\/new.hildasholm.org\/en\/wp-json\/wp\/v2\/media\/821"}],"wp:attachment":[{"href":"https:\/\/new.hildasholm.org\/en\/wp-json\/wp\/v2\/media?parent=1462"}],"curies":[{"name":"wp","href":"https:\/\/api.w.org\/{rel}","templated":true}]}}