{"id":1398,"date":"2025-02-21T13:52:14","date_gmt":"2025-02-21T12:52:14","guid":{"rendered":"https:\/\/new.hildasholm.org\/?page_id=1398"},"modified":"2025-03-10T08:33:38","modified_gmt":"2025-03-10T07:33:38","slug":"guidade-visningar","status":"publish","type":"page","link":"https:\/\/new.hildasholm.org\/en\/besok-oss-2\/guidade-visningar\/","title":{"rendered":"Guided tours"},"content":{"rendered":"<div data-elementor-type=\"wp-page\" data-elementor-id=\"1398\" class=\"elementor elementor-1398\" data-elementor-post-type=\"page\">\n\t\t\t\t<div class=\"elementor-element elementor-element-69acc5f e-flex e-con-boxed e-con e-parent\" data-id=\"69acc5f\" data-element_type=\"container\" data-e-type=\"container\">\n\t\t\t\t\t<div class=\"e-con-inner\">\n\t\t<div class=\"elementor-element elementor-element-6152284 e-con-full e-flex e-con e-child\" data-id=\"6152284\" data-element_type=\"container\" data-e-type=\"container\">\n\t\t\t\t<div class=\"elementor-element elementor-element-0f6348e elementor-widget elementor-widget-text-editor\" data-id=\"0f6348e\" data-element_type=\"widget\" data-e-type=\"widget\" data-widget_type=\"text-editor.default\">\n\t\t\t\t<div class=\"elementor-widget-container\">\n\t\t\t\t\t\t\t\t\t<div><h1><strong>Our guided tours<\/strong><\/h1><\/div><div><p>Join us for a guided tour inside the beautiful house at Hildasholm. Our knowledgeable guides will take you through the house and its amazing history. Get to know the Munthe family and feel the wings of history in the house from 1911.<\/p><p>The garden is shown by our gardener, and includes both history and gardening knowledge.<\/p><\/div><div><p><strong data-fusion-font=\"true\">Our tours are 50 minutes with a guide.<\/strong><\/p><h2>Guided tours of the house<\/h2><p><b>Visits in early and late summer<\/b> at 11, 12 and 13.<\/p><p><b>Visits during the high season<\/b> at 11am, 12pm, 1pm and 2pm, and English screening at 3pm.<\/p><h2>Garden tour with our gardener\u00a0<\/h2><\/div><div><p>Tuesdays and Thursdays at 1pm from 25 June to 22 August.<\/p><\/div><div><a href=\"https:\/\/secure.tickster.com\/sv\/lzma8ayxwlz8rpx\/selectevent\" target=\"_self\">Book a garden tour<\/a><\/div><div><p><i>Please note! Online booking closes at 10am on the same day. There may be some places left that can be purchased on site.<\/i><\/p><\/div>\t\t\t\t\t\t\t\t<\/div>\n\t\t\t\t<\/div>\n\t\t\t\t<\/div>\n\t\t<div class=\"elementor-element elementor-element-f2a4a7f e-con-full e-flex e-con e-child\" data-id=\"f2a4a7f\" data-element_type=\"container\" data-e-type=\"container\">\n\t\t\t\t<div class=\"elementor-element elementor-element-564f39b elementor-widget elementor-widget-gallery\" data-id=\"564f39b\" data-element_type=\"widget\" data-e-type=\"widget\" data-settings=\"{&quot;gallery_layout&quot;:&quot;justified&quot;,&quot;lazyload&quot;:&quot;yes&quot;,&quot;ideal_row_height&quot;:{&quot;unit&quot;:&quot;px&quot;,&quot;size&quot;:200,&quot;sizes&quot;:[]},&quot;ideal_row_height_tablet&quot;:{&quot;unit&quot;:&quot;px&quot;,&quot;size&quot;:150,&quot;sizes&quot;:[]},&quot;ideal_row_height_mobile&quot;:{&quot;unit&quot;:&quot;px&quot;,&quot;size&quot;:150,&quot;sizes&quot;:[]},&quot;gap&quot;:{&quot;unit&quot;:&quot;px&quot;,&quot;size&quot;:10,&quot;sizes&quot;:[]},&quot;gap_tablet&quot;:{&quot;unit&quot;:&quot;px&quot;,&quot;size&quot;:10,&quot;sizes&quot;:[]},&quot;gap_mobile&quot;:{&quot;unit&quot;:&quot;px&quot;,&quot;size&quot;:10,&quot;sizes&quot;:[]},&quot;link_to&quot;:&quot;file&quot;,&quot;overlay_background&quot;:&quot;yes&quot;,&quot;content_hover_animation&quot;:&quot;fade-in&quot;}\" data-widget_type=\"gallery.default\">\n\t\t\t\t<div class=\"elementor-widget-container\">\n\t\t\t\t\t\t\t<div class=\"elementor-gallery__container\">\n\t\t\t\t\t\t\t<a class=\"e-gallery-item elementor-gallery-item elementor-animated-content\" href=\"https:\/\/new.hildasholm.org\/wp-content\/uploads\/2022\/04\/I8A9125.jpg\" data-elementor-open-lightbox=\"yes\" data-elementor-lightbox-slideshow=\"564f39b\" data-elementor-lightbox-title=\"_I8A9125\" data-elementor-lightbox-description=\"Detta sovrum p\u00e5 Hildasholm utstr\u00e5lar en k\u00e4nsla av lugn och elegans. De blommiga tygerna och de mjuka linjerna i s\u00e4ngen f\u00f6r tankarna till en tid d\u00e4r kvalitet och detaljk\u00e4nsla var en sj\u00e4lvklarhet i hemmets inredning.\" data-e-action-hash=\"#elementor-action%3Aaction%3Dlightbox%26settings%3DeyJpZCI6ODI1LCJ1cmwiOiJodHRwczpcL1wvbmV3LmhpbGRhc2hvbG0ub3JnXC93cC1jb250ZW50XC91cGxvYWRzXC8yMDIyXC8wNFwvSThBOTEyNS5qcGciLCJzbGlkZXNob3ciOiI1NjRmMzliIn0%3D\">\n\t\t\t\t\t<div class=\"e-gallery-image elementor-gallery-item__image\" data-thumbnail=\"https:\/\/new.hildasholm.org\/wp-content\/uploads\/2022\/04\/I8A9125-200x300.jpg\" data-width=\"200\" data-height=\"300\" aria-label=\"A beautifully upholstered four-poster bed with floral bed drapes and white lace embroidery.\" role=\"img\" ><\/div>\n\t\t\t\t\t\t\t\t\t\t\t<div class=\"elementor-gallery-item__overlay\"><\/div>\n\t\t\t\t\t\t\t\t\t\t\t\t\t\t<\/a>\n\t\t\t\t\t\t\t<a class=\"e-gallery-item elementor-gallery-item elementor-animated-content\" href=\"https:\/\/new.hildasholm.org\/wp-content\/uploads\/2022\/04\/I8A9113.jpg\" data-elementor-open-lightbox=\"yes\" data-elementor-lightbox-slideshow=\"564f39b\" data-elementor-lightbox-title=\"_I8A9113\" data-elementor-lightbox-description=\"Detta vackra tv\u00e4ttst\u00e4ll ger en inblick i hur vardagen kunde se ut i en annan tid. Med sitt enkla men eleganta formspr\u00e5k speglar det en tid d\u00e4r funktionalitet och estetik gick hand i hand i hemmets detaljer.\" data-e-action-hash=\"#elementor-action%3Aaction%3Dlightbox%26settings%3DeyJpZCI6ODI0LCJ1cmwiOiJodHRwczpcL1wvbmV3LmhpbGRhc2hvbG0ub3JnXC93cC1jb250ZW50XC91cGxvYWRzXC8yMDIyXC8wNFwvSThBOTExMy5qcGciLCJzbGlkZXNob3ciOiI1NjRmMzliIn0%3D\">\n\t\t\t\t\t<div class=\"e-gallery-image elementor-gallery-item__image\" data-thumbnail=\"https:\/\/new.hildasholm.org\/wp-content\/uploads\/2022\/04\/I8A9113-200x300.jpg\" data-width=\"200\" data-height=\"300\" aria-label=\"An old-fashioned washbasin with white porcelain jug and bowl.\" role=\"img\" ><\/div>\n\t\t\t\t\t\t\t\t\t\t\t<div class=\"elementor-gallery-item__overlay\"><\/div>\n\t\t\t\t\t\t\t\t\t\t\t\t\t\t<\/a>\n\t\t\t\t\t\t\t<a class=\"e-gallery-item elementor-gallery-item elementor-animated-content\" href=\"https:\/\/new.hildasholm.org\/wp-content\/uploads\/2022\/04\/I8A9166.jpg\" data-elementor-open-lightbox=\"yes\" data-elementor-lightbox-slideshow=\"564f39b\" data-elementor-lightbox-title=\"Baksidan\" data-elementor-lightbox-description=\"Hildasholms arkitektur b\u00e4r p\u00e5 influenser fr\u00e5n b\u00e5de nordisk och sydeuropeisk stil. Den rikt utsmyckade entr\u00e9n, flankerad av skulpturer och f\u00e4rgsprakande blommor, \u00e4r ett exempel p\u00e5 den konstn\u00e4rliga k\u00e4nsla som pr\u00e4glar hela g\u00e5rden.\" data-e-action-hash=\"#elementor-action%3Aaction%3Dlightbox%26settings%3DeyJpZCI6ODI2LCJ1cmwiOiJodHRwczpcL1wvbmV3LmhpbGRhc2hvbG0ub3JnXC93cC1jb250ZW50XC91cGxvYWRzXC8yMDIyXC8wNFwvSThBOTE2Ni5qcGciLCJzbGlkZXNob3ciOiI1NjRmMzliIn0%3D\">\n\t\t\t\t\t<div class=\"e-gallery-image elementor-gallery-item__image\" data-thumbnail=\"https:\/\/new.hildasholm.org\/wp-content\/uploads\/2022\/04\/I8A9166-300x200.jpg\" data-width=\"300\" data-height=\"200\" aria-label=\"Classical statues stand on either side of a beautifully ornate entrance door.\" role=\"img\" ><\/div>\n\t\t\t\t\t\t\t\t\t\t\t<div class=\"elementor-gallery-item__overlay\"><\/div>\n\t\t\t\t\t\t\t\t\t\t\t\t\t\t<\/a>\n\t\t\t\t\t\t\t<a class=\"e-gallery-item elementor-gallery-item elementor-animated-content\" href=\"https:\/\/new.hildasholm.org\/wp-content\/uploads\/2022\/04\/I8A8414.jpg\" data-elementor-open-lightbox=\"yes\" data-elementor-lightbox-slideshow=\"564f39b\" data-elementor-lightbox-title=\"_I8A8414\" data-elementor-lightbox-description=\"Denna skrivh\u00f6rna ger en bild av hur tankar och id\u00e9er formades p\u00e5 papper under en annan tid. Omgiven av detaljerade antika f\u00f6rem\u00e5l och varma toner fr\u00e5n den historiska tapeten, andas rummet kreativitet och historia.\" data-e-action-hash=\"#elementor-action%3Aaction%3Dlightbox%26settings%3DeyJpZCI6ODE3LCJ1cmwiOiJodHRwczpcL1wvbmV3LmhpbGRhc2hvbG0ub3JnXC93cC1jb250ZW50XC91cGxvYWRzXC8yMDIyXC8wNFwvSThBODQxNC5qcGciLCJzbGlkZXNob3ciOiI1NjRmMzliIn0%3D\">\n\t\t\t\t\t<div class=\"e-gallery-image elementor-gallery-item__image\" data-thumbnail=\"https:\/\/new.hildasholm.org\/wp-content\/uploads\/2022\/04\/I8A8414-200x300.jpg\" data-width=\"200\" data-height=\"300\" aria-label=\"An old desk with old objects.\" role=\"img\" ><\/div>\n\t\t\t\t\t\t\t\t\t\t\t<div class=\"elementor-gallery-item__overlay\"><\/div>\n\t\t\t\t\t\t\t\t\t\t\t\t\t\t<\/a>\n\t\t\t\t\t\t\t<a class=\"e-gallery-item elementor-gallery-item elementor-animated-content\" href=\"https:\/\/new.hildasholm.org\/wp-content\/uploads\/2022\/04\/I8A8182-scaled.jpg\" data-elementor-open-lightbox=\"yes\" data-elementor-lightbox-slideshow=\"564f39b\" data-elementor-lightbox-title=\"Hildas rum\" data-elementor-lightbox-description=\"Detta rum ger en k\u00e4nsla av n\u00e4rhet till det f\u00f6rflutna, d\u00e4r spetskl\u00e4der och v\u00e4lbevarade detaljer b\u00e4r p\u00e5 ber\u00e4ttelser om de m\u00e4nniskor som en g\u00e5ng bodde h\u00e4r. Det mjuka ljuset och de omsorgsfullt utvalda f\u00f6rem\u00e5len skapar en atmosf\u00e4r av historia och sk\u00f6nhet.\" data-e-action-hash=\"#elementor-action%3Aaction%3Dlightbox%26settings%3DeyJpZCI6ODE2LCJ1cmwiOiJodHRwczpcL1wvbmV3LmhpbGRhc2hvbG0ub3JnXC93cC1jb250ZW50XC91cGxvYWRzXC8yMDIyXC8wNFwvSThBODE4Mi1zY2FsZWQuanBnIiwic2xpZGVzaG93IjoiNTY0ZjM5YiJ9\">\n\t\t\t\t\t<div class=\"e-gallery-image elementor-gallery-item__image\" data-thumbnail=\"https:\/\/new.hildasholm.org\/wp-content\/uploads\/2022\/04\/I8A8182-200x300.jpg\" data-width=\"200\" data-height=\"300\" aria-label=\"A room with lace clothes hung on a wooden stand.\" role=\"img\" ><\/div>\n\t\t\t\t\t\t\t\t\t\t\t<div class=\"elementor-gallery-item__overlay\"><\/div>\n\t\t\t\t\t\t\t\t\t\t\t\t\t\t<\/a>\n\t\t\t\t\t\t\t<a class=\"e-gallery-item elementor-gallery-item elementor-animated-content\" href=\"https:\/\/new.hildasholm.org\/wp-content\/uploads\/2022\/04\/I8A8065.jpg\" data-elementor-open-lightbox=\"yes\" data-elementor-lightbox-slideshow=\"564f39b\" data-elementor-lightbox-title=\"Guidade visningar\" data-elementor-lightbox-description=\"Hildasholms guidade visningar erbjuder en inblick i husets och dess tidigare \u00e4gares fascinerande historia. I den vackra entr\u00e9hallen lyssnar bes\u00f6karna till ber\u00e4ttelser om Axel Munthes liv och hem, omgivna av historiska portr\u00e4tt och tidstypiska detaljer.\" data-e-action-hash=\"#elementor-action%3Aaction%3Dlightbox%26settings%3DeyJpZCI6ODE1LCJ1cmwiOiJodHRwczpcL1wvbmV3LmhpbGRhc2hvbG0ub3JnXC93cC1jb250ZW50XC91cGxvYWRzXC8yMDIyXC8wNFwvSThBODA2NS5qcGciLCJzbGlkZXNob3ciOiI1NjRmMzliIn0%3D\">\n\t\t\t\t\t<div class=\"e-gallery-image elementor-gallery-item__image\" data-thumbnail=\"https:\/\/new.hildasholm.org\/wp-content\/uploads\/2022\/04\/I8A8065-300x200.jpg\" data-width=\"300\" data-height=\"200\" aria-label=\"A guide in a blue shirt and a red shoulder strap speaks to a group of visitors.\" role=\"img\" ><\/div>\n\t\t\t\t\t\t\t\t\t\t\t<div class=\"elementor-gallery-item__overlay\"><\/div>\n\t\t\t\t\t\t\t\t\t\t\t\t\t\t<\/a>\n\t\t\t\t\t\t\t<a class=\"e-gallery-item elementor-gallery-item elementor-animated-content\" href=\"https:\/\/new.hildasholm.org\/wp-content\/uploads\/2022\/04\/I8A7840.jpg\" data-elementor-open-lightbox=\"yes\" data-elementor-lightbox-slideshow=\"564f39b\" data-elementor-lightbox-title=\"_I8A7840\" data-elementor-lightbox-description=\"Hildasholms tr\u00e4dg\u00e5rd \u00e4r ett levande konstverk, d\u00e4r passionerade tr\u00e4dg\u00e5rdsm\u00e4stare skapar och bevarar en unik milj\u00f6. Med varsam hand sk\u00f6ts v\u00e4xterna f\u00f6r att forts\u00e4tta den tradition av sk\u00f6nhet och harmoni som genomsyrar platsen.\" data-e-action-hash=\"#elementor-action%3Aaction%3Dlightbox%26settings%3DeyJpZCI6ODEwLCJ1cmwiOiJodHRwczpcL1wvbmV3LmhpbGRhc2hvbG0ub3JnXC93cC1jb250ZW50XC91cGxvYWRzXC8yMDIyXC8wNFwvSThBNzg0MC5qcGciLCJzbGlkZXNob3ciOiI1NjRmMzliIn0%3D\">\n\t\t\t\t\t<div class=\"e-gallery-image elementor-gallery-item__image\" data-thumbnail=\"https:\/\/new.hildasholm.org\/wp-content\/uploads\/2022\/04\/I8A7840-300x200.jpg\" data-width=\"300\" data-height=\"200\" aria-label=\"A man in a blue shirt and straw hat is working in the garden.\" role=\"img\" ><\/div>\n\t\t\t\t\t\t\t\t\t\t\t<div class=\"elementor-gallery-item__overlay\"><\/div>\n\t\t\t\t\t\t\t\t\t\t\t\t\t\t<\/a>\n\t\t\t\t\t\t\t<a class=\"e-gallery-item elementor-gallery-item elementor-animated-content\" href=\"https:\/\/new.hildasholm.org\/wp-content\/uploads\/2022\/04\/I8A7918.jpg\" data-elementor-open-lightbox=\"yes\" data-elementor-lightbox-slideshow=\"564f39b\" data-elementor-lightbox-title=\"_I8A7918\" data-elementor-lightbox-description=\"Hildasholms interi\u00f6r bjuder p\u00e5 en resa tillbaka i tiden, d\u00e4r varje f\u00f6rem\u00e5l b\u00e4r p\u00e5 en ber\u00e4ttelse. Den vackra matsalen \u00e4r en plats d\u00e4r traditionella m\u00e5ltider en g\u00e5ng serverades, och d\u00e4r den noggrant bevarade dukningen skapar en k\u00e4nsla av n\u00e4rhet till historien.\" data-e-action-hash=\"#elementor-action%3Aaction%3Dlightbox%26settings%3DeyJpZCI6ODEyLCJ1cmwiOiJodHRwczpcL1wvbmV3LmhpbGRhc2hvbG0ub3JnXC93cC1jb250ZW50XC91cGxvYWRzXC8yMDIyXC8wNFwvSThBNzkxOC5qcGciLCJzbGlkZXNob3ciOiI1NjRmMzliIn0%3D\">\n\t\t\t\t\t<div class=\"e-gallery-image elementor-gallery-item__image\" data-thumbnail=\"https:\/\/new.hildasholm.org\/wp-content\/uploads\/2022\/04\/I8A7918-300x200.jpg\" data-width=\"300\" data-height=\"200\" aria-label=\"An elegantly set table with blue and white crockery in a historic dining room.\" role=\"img\" ><\/div>\n\t\t\t\t\t\t\t\t\t\t\t<div class=\"elementor-gallery-item__overlay\"><\/div>\n\t\t\t\t\t\t\t\t\t\t\t\t\t\t<\/a>\n\t\t\t\t\t<\/div>\n\t\t\t\t\t<\/div>\n\t\t\t\t<\/div>\n\t\t<div class=\"elementor-element elementor-element-57aa2b9 e-grid e-con-full e-con e-child\" data-id=\"57aa2b9\" data-element_type=\"container\" data-e-type=\"container\">\n\t\t\t\t<div class=\"elementor-element elementor-element-889dde8 elementor-widget elementor-widget-button\" data-id=\"889dde8\" data-element_type=\"widget\" data-e-type=\"widget\" data-widget_type=\"button.default\">\n\t\t\t\t<div class=\"elementor-widget-container\">\n\t\t\t\t\t\t\t\t\t<div class=\"elementor-button-wrapper\">\n\t\t\t\t\t<a class=\"elementor-button elementor-button-link elementor-size-sm\" href=\"https:\/\/secure.tickster.com\/sv\/v1vu3x501pdfj6l\/selectevent\" target=\"_blank\">\n\t\t\t\t\t\t<span class=\"elementor-button-content-wrapper\">\n\t\t\t\t\t\t\t\t\t<span class=\"elementor-button-text\">Book a ticket for a tour of the house<\/span>\n\t\t\t\t\t<\/span>\n\t\t\t\t\t<\/a>\n\t\t\t\t<\/div>\n\t\t\t\t\t\t\t\t<\/div>\n\t\t\t\t<\/div>\n\t\t\t\t<div class=\"elementor-element elementor-element-131f0d8 elementor-widget elementor-widget-button\" data-id=\"131f0d8\" data-element_type=\"widget\" data-e-type=\"widget\" data-widget_type=\"button.default\">\n\t\t\t\t<div class=\"elementor-widget-container\">\n\t\t\t\t\t\t\t\t\t<div class=\"elementor-button-wrapper\">\n\t\t\t\t\t<a class=\"elementor-button elementor-button-link elementor-size-sm\" href=\"https:\/\/secure.tickster.com\/sv\/lzma8ayxwlz8rpx\/selectevent\" target=\"_blank\">\n\t\t\t\t\t\t<span class=\"elementor-button-content-wrapper\">\n\t\t\t\t\t\t\t\t\t<span class=\"elementor-button-text\">Book a ticket for the garden tour<\/span>\n\t\t\t\t\t<\/span>\n\t\t\t\t\t<\/a>\n\t\t\t\t<\/div>\n\t\t\t\t\t\t\t\t<\/div>\n\t\t\t\t<\/div>\n\t\t\t\t<\/div>\n\t\t\t\t<\/div>\n\t\t\t\t\t<\/div>\n\t\t\t\t<\/div>\n\t\t\t\t<\/div>","protected":false},"excerpt":{"rendered":"<p>V\u00e5ra guidade visningar F\u00f6lj med p\u00e5 en guidad visning inne i det vackra huset p\u00e5 Hildasholm. V\u00e5ra kunniga guider tar dig genom huset och dess fantastiska historia. L\u00e4r k\u00e4nna familjen [&hellip;]<\/p>\n","protected":false},"author":2,"featured_media":0,"parent":509,"menu_order":0,"comment_status":"closed","ping_status":"closed","template":"elementor_header_footer","meta":{"_EventAllDay":false,"_EventTimezone":"","_EventStartDate":"","_EventEndDate":"","_EventStartDateUTC":"","_EventEndDateUTC":"","_EventShowMap":false,"_EventShowMapLink":false,"_EventURL":"","_EventCost":"","_EventCostDescription":"","_EventCurrencySymbol":"","_EventCurrencyCode":"","_EventCurrencyPosition":"","_EventDateTimeSeparator":"","_EventTimeRangeSeparator":"","_EventOrganizerID":[],"_EventVenueID":[],"_OrganizerEmail":"","_OrganizerPhone":"","_OrganizerWebsite":"","_VenueAddress":"","_VenueCity":"","_VenueCountry":"","_VenueProvince":"","_VenueState":"","_VenueZip":"","_VenuePhone":"","_VenueURL":"","_VenueStateProvince":"","_VenueLat":"","_VenueLng":"","_VenueShowMap":false,"_VenueShowMapLink":false,"ocean_post_layout":"full-width","ocean_both_sidebars_style":"","ocean_both_sidebars_content_width":0,"ocean_both_sidebars_sidebars_width":0,"ocean_sidebar":"","ocean_second_sidebar":"","ocean_disable_margins":"enable","ocean_add_body_class":"","ocean_shortcode_before_top_bar":"","ocean_shortcode_after_top_bar":"","ocean_shortcode_before_header":"","ocean_shortcode_after_header":"","ocean_has_shortcode":"","ocean_shortcode_after_title":"","ocean_shortcode_before_footer_widgets":"","ocean_shortcode_after_footer_widgets":"","ocean_shortcode_before_footer_bottom":"","ocean_shortcode_after_footer_bottom":"","ocean_display_top_bar":"default","ocean_display_header":"default","ocean_header_style":"","ocean_center_header_left_menu":"","ocean_custom_header_template":"","ocean_custom_logo":0,"ocean_custom_retina_logo":0,"ocean_custom_logo_max_width":0,"ocean_custom_logo_tablet_max_width":0,"ocean_custom_logo_mobile_max_width":0,"ocean_custom_logo_max_height":0,"ocean_custom_logo_tablet_max_height":0,"ocean_custom_logo_mobile_max_height":0,"ocean_header_custom_menu":"","ocean_menu_typo_font_family":"","ocean_menu_typo_font_subset":"","ocean_menu_typo_font_size":0,"ocean_menu_typo_font_size_tablet":0,"ocean_menu_typo_font_size_mobile":0,"ocean_menu_typo_font_size_unit":"px","ocean_menu_typo_font_weight":"","ocean_menu_typo_font_weight_tablet":"","ocean_menu_typo_font_weight_mobile":"","ocean_menu_typo_transform":"","ocean_menu_typo_transform_tablet":"","ocean_menu_typo_transform_mobile":"","ocean_menu_typo_line_height":0,"ocean_menu_typo_line_height_tablet":0,"ocean_menu_typo_line_height_mobile":0,"ocean_menu_typo_line_height_unit":"","ocean_menu_typo_spacing":0,"ocean_menu_typo_spacing_tablet":0,"ocean_menu_typo_spacing_mobile":0,"ocean_menu_typo_spacing_unit":"","ocean_menu_link_color":"","ocean_menu_link_color_hover":"","ocean_menu_link_color_active":"","ocean_menu_link_background":"","ocean_menu_link_hover_background":"","ocean_menu_link_active_background":"","ocean_menu_social_links_bg":"","ocean_menu_social_hover_links_bg":"","ocean_menu_social_links_color":"","ocean_menu_social_hover_links_color":"","ocean_disable_title":"default","ocean_disable_heading":"default","ocean_post_title":"","ocean_post_subheading":"","ocean_post_title_style":"","ocean_post_title_background_color":"","ocean_post_title_background":0,"ocean_post_title_bg_image_position":"","ocean_post_title_bg_image_attachment":"","ocean_post_title_bg_image_repeat":"","ocean_post_title_bg_image_size":"","ocean_post_title_height":0,"ocean_post_title_bg_overlay":0.5,"ocean_post_title_bg_overlay_color":"","ocean_disable_breadcrumbs":"default","ocean_breadcrumbs_color":"","ocean_breadcrumbs_separator_color":"","ocean_breadcrumbs_links_color":"","ocean_breadcrumbs_links_hover_color":"","ocean_display_footer_widgets":"default","ocean_display_footer_bottom":"default","ocean_custom_footer_template":"","footnotes":""},"class_list":["post-1398","page","type-page","status-publish","hentry","entry"],"_links":{"self":[{"href":"https:\/\/new.hildasholm.org\/en\/wp-json\/wp\/v2\/pages\/1398","targetHints":{"allow":["GET"]}}],"collection":[{"href":"https:\/\/new.hildasholm.org\/en\/wp-json\/wp\/v2\/pages"}],"about":[{"href":"https:\/\/new.hildasholm.org\/en\/wp-json\/wp\/v2\/types\/page"}],"author":[{"embeddable":true,"href":"https:\/\/new.hildasholm.org\/en\/wp-json\/wp\/v2\/users\/2"}],"replies":[{"embeddable":true,"href":"https:\/\/new.hildasholm.org\/en\/wp-json\/wp\/v2\/comments?post=1398"}],"version-history":[{"count":25,"href":"https:\/\/new.hildasholm.org\/en\/wp-json\/wp\/v2\/pages\/1398\/revisions"}],"predecessor-version":[{"id":1906,"href":"https:\/\/new.hildasholm.org\/en\/wp-json\/wp\/v2\/pages\/1398\/revisions\/1906"}],"up":[{"embeddable":true,"href":"https:\/\/new.hildasholm.org\/en\/wp-json\/wp\/v2\/pages\/509"}],"wp:attachment":[{"href":"https:\/\/new.hildasholm.org\/en\/wp-json\/wp\/v2\/media?parent=1398"}],"curies":[{"name":"wp","href":"https:\/\/api.w.org\/{rel}","templated":true}]}}