{"id":1142,"date":"2025-02-16T11:39:46","date_gmt":"2025-02-16T11:39:46","guid":{"rendered":"https:\/\/new.hildasholm.org\/?page_id=1142"},"modified":"2025-03-10T10:21:46","modified_gmt":"2025-03-10T09:21:46","slug":"butik","status":"publish","type":"page","link":"https:\/\/new.hildasholm.org\/en\/upptack-hildasholm\/butik\/","title":{"rendered":"Store"},"content":{"rendered":"<div data-elementor-type=\"wp-page\" data-elementor-id=\"1142\" class=\"elementor elementor-1142\" data-elementor-post-type=\"page\">\n\t\t\t\t<div class=\"elementor-element elementor-element-410332f e-flex e-con-boxed e-con e-parent\" data-id=\"410332f\" data-element_type=\"container\" data-e-type=\"container\">\n\t\t\t\t\t<div class=\"e-con-inner\">\n\t\t<div class=\"elementor-element elementor-element-274a51b e-con-full e-flex e-con e-child\" data-id=\"274a51b\" data-element_type=\"container\" data-e-type=\"container\">\n\t\t\t\t<div class=\"elementor-element elementor-element-e8456d2 elementor-widget elementor-widget-text-editor\" data-id=\"e8456d2\" data-element_type=\"widget\" data-e-type=\"widget\" data-widget_type=\"text-editor.default\">\n\t\t\t\t<div class=\"elementor-widget-container\">\n\t\t\t\t\t\t\t\t\t<h2>Unique products with Hildasholm history<\/h2><p>The Hildasholm Museum Shop shares a room with the reception. Here you can show your ticket or buy one on site, subject to availability.<\/p><p>Take the opportunity to explore our range of <strong data-start=\"304\" data-end=\"370\">local crafts, garden details and inspiring literature<\/strong>.<\/p>\t\t\t\t\t\t\t\t<\/div>\n\t\t\t\t<\/div>\n\t\t\t\t<\/div>\n\t\t<div class=\"elementor-element elementor-element-f29c2b2 e-con-full e-flex e-con e-child\" data-id=\"f29c2b2\" data-element_type=\"container\" data-e-type=\"container\">\n\t\t\t\t<div class=\"elementor-element elementor-element-b534b83 elementor-widget elementor-widget-gallery\" data-id=\"b534b83\" data-element_type=\"widget\" data-e-type=\"widget\" data-settings=\"{&quot;gallery_layout&quot;:&quot;justified&quot;,&quot;ideal_row_height&quot;:{&quot;unit&quot;:&quot;px&quot;,&quot;size&quot;:183,&quot;sizes&quot;:[]},&quot;lazyload&quot;:&quot;yes&quot;,&quot;ideal_row_height_tablet&quot;:{&quot;unit&quot;:&quot;px&quot;,&quot;size&quot;:150,&quot;sizes&quot;:[]},&quot;ideal_row_height_mobile&quot;:{&quot;unit&quot;:&quot;px&quot;,&quot;size&quot;:150,&quot;sizes&quot;:[]},&quot;gap&quot;:{&quot;unit&quot;:&quot;px&quot;,&quot;size&quot;:10,&quot;sizes&quot;:[]},&quot;gap_tablet&quot;:{&quot;unit&quot;:&quot;px&quot;,&quot;size&quot;:10,&quot;sizes&quot;:[]},&quot;gap_mobile&quot;:{&quot;unit&quot;:&quot;px&quot;,&quot;size&quot;:10,&quot;sizes&quot;:[]},&quot;link_to&quot;:&quot;file&quot;,&quot;overlay_background&quot;:&quot;yes&quot;,&quot;content_hover_animation&quot;:&quot;fade-in&quot;}\" data-widget_type=\"gallery.default\">\n\t\t\t\t<div class=\"elementor-widget-container\">\n\t\t\t\t\t\t\t<div class=\"elementor-gallery__container\">\n\t\t\t\t\t\t\t<a class=\"e-gallery-item elementor-gallery-item elementor-animated-content\" href=\"https:\/\/new.hildasholm.org\/wp-content\/uploads\/2025\/02\/IMG_4542-800x1066-1.jpg\" data-elementor-open-lightbox=\"yes\" data-elementor-lightbox-slideshow=\"b534b83\" data-elementor-lightbox-title=\"Butiken\" data-e-action-hash=\"#elementor-action%3Aaction%3Dlightbox%26settings%3DeyJpZCI6MTI2OSwidXJsIjoiaHR0cHM6XC9cL25ldy5oaWxkYXNob2xtLm9yZ1wvd3AtY29udGVudFwvdXBsb2Fkc1wvMjAyNVwvMDJcL0lNR180NTQyLTgwMHgxMDY2LTEuanBnIiwic2xpZGVzaG93IjoiYjUzNGI4MyJ9\">\n\t\t\t\t\t<div class=\"e-gallery-image elementor-gallery-item__image\" data-thumbnail=\"https:\/\/new.hildasholm.org\/wp-content\/uploads\/2025\/02\/IMG_4542-800x1066-1-768x1024.jpg\" data-width=\"768\" data-height=\"1024\" aria-label=\"Stairs to the reception\/shop with bird baths and pots for sale\" role=\"img\" ><\/div>\n\t\t\t\t\t\t\t\t\t\t\t<div class=\"elementor-gallery-item__overlay\"><\/div>\n\t\t\t\t\t\t\t\t\t\t\t\t\t\t<\/a>\n\t\t\t\t\t\t\t<a class=\"e-gallery-item elementor-gallery-item elementor-animated-content\" href=\"https:\/\/new.hildasholm.org\/wp-content\/uploads\/2025\/02\/IMG_0324-scaled.jpg\" data-elementor-open-lightbox=\"yes\" data-elementor-lightbox-slideshow=\"b534b83\" data-elementor-lightbox-title=\"Plantor\" data-e-action-hash=\"#elementor-action%3Aaction%3Dlightbox%26settings%3DeyJpZCI6MTI3MCwidXJsIjoiaHR0cHM6XC9cL25ldy5oaWxkYXNob2xtLm9yZ1wvd3AtY29udGVudFwvdXBsb2Fkc1wvMjAyNVwvMDJcL0lNR18wMzI0LXNjYWxlZC5qcGciLCJzbGlkZXNob3ciOiJiNTM0YjgzIn0%3D\">\n\t\t\t\t\t<div class=\"e-gallery-image elementor-gallery-item__image\" data-thumbnail=\"https:\/\/new.hildasholm.org\/wp-content\/uploads\/2025\/02\/IMG_0324-768x1024.jpg\" data-width=\"768\" data-height=\"1024\" aria-label=\"Plants from Hildasholm&#039;s gardeners for sale outside the shop\" role=\"img\" ><\/div>\n\t\t\t\t\t\t\t\t\t\t\t<div class=\"elementor-gallery-item__overlay\"><\/div>\n\t\t\t\t\t\t\t\t\t\t\t\t\t\t<\/a>\n\t\t\t\t\t\t\t<a class=\"e-gallery-item elementor-gallery-item elementor-animated-content\" href=\"https:\/\/new.hildasholm.org\/wp-content\/uploads\/2025\/02\/butik-tval.jpg\" data-elementor-open-lightbox=\"yes\" data-elementor-lightbox-slideshow=\"b534b83\" data-elementor-lightbox-title=\"Butik tv\u00e5l\" data-elementor-lightbox-description=\"N\u00e4rproducerade tv\u00e5lar med blomsterinspirerade f\u00f6rpackningar pryder butikshyllan p\u00e5 Hildasholm. P\u00e5 glasdisken syns \u00e4ven tr\u00e4dg\u00e5rdsb\u00f6cker och ett litet handskrivet skyltkort med pris. Butiken erbjuder noggrant utvalda produkter kopplade till Hildasholms historia och tr\u00e4dg\u00e5rdar.\" data-e-action-hash=\"#elementor-action%3Aaction%3Dlightbox%26settings%3DeyJpZCI6MTMyNywidXJsIjoiaHR0cHM6XC9cL25ldy5oaWxkYXNob2xtLm9yZ1wvd3AtY29udGVudFwvdXBsb2Fkc1wvMjAyNVwvMDJcL2J1dGlrLXR2YWwuanBnIiwic2xpZGVzaG93IjoiYjUzNGI4MyJ9\">\n\t\t\t\t\t<div class=\"e-gallery-image elementor-gallery-item__image\" data-thumbnail=\"https:\/\/new.hildasholm.org\/wp-content\/uploads\/2025\/02\/butik-tval-1024x427.jpg\" data-width=\"1024\" data-height=\"427\" aria-label=\"Wrapped soaps and gardening books on a shelf in the Hildasholm shop.\" role=\"img\" ><\/div>\n\t\t\t\t\t\t\t\t\t\t\t<div class=\"elementor-gallery-item__overlay\"><\/div>\n\t\t\t\t\t\t\t\t\t\t\t\t\t\t<\/a>\n\t\t\t\t\t\t\t<a class=\"e-gallery-item elementor-gallery-item elementor-animated-content\" href=\"https:\/\/new.hildasholm.org\/wp-content\/uploads\/2025\/02\/IMG_4414-800x1067-1.jpg\" data-elementor-open-lightbox=\"yes\" data-elementor-lightbox-slideshow=\"b534b83\" data-elementor-lightbox-title=\"Plantor\" data-e-action-hash=\"#elementor-action%3Aaction%3Dlightbox%26settings%3DeyJpZCI6MTI2OCwidXJsIjoiaHR0cHM6XC9cL25ldy5oaWxkYXNob2xtLm9yZ1wvd3AtY29udGVudFwvdXBsb2Fkc1wvMjAyNVwvMDJcL0lNR180NDE0LTgwMHgxMDY3LTEuanBnIiwic2xpZGVzaG93IjoiYjUzNGI4MyJ9\">\n\t\t\t\t\t<div class=\"e-gallery-image elementor-gallery-item__image\" data-thumbnail=\"https:\/\/new.hildasholm.org\/wp-content\/uploads\/2025\/02\/IMG_4414-800x1067-1-768x1024.jpg\" data-width=\"768\" data-height=\"1024\" aria-label=\"Seedlings from the Hildasholm gardeners\" role=\"img\" ><\/div>\n\t\t\t\t\t\t\t\t\t\t\t<div class=\"elementor-gallery-item__overlay\"><\/div>\n\t\t\t\t\t\t\t\t\t\t\t\t\t\t<\/a>\n\t\t\t\t\t<\/div>\n\t\t\t\t\t<\/div>\n\t\t\t\t<\/div>\n\t\t\t\t<\/div>\n\t\t\t\t\t<\/div>\n\t\t\t\t<\/div>\n\t\t<div class=\"elementor-element elementor-element-49cb847 e-flex e-con-boxed e-con e-parent\" data-id=\"49cb847\" data-element_type=\"container\" data-e-type=\"container\">\n\t\t\t\t\t<div class=\"e-con-inner\">\n\t\t<div class=\"elementor-element elementor-element-ad19118 e-con-full e-flex e-con e-child\" data-id=\"ad19118\" data-element_type=\"container\" data-e-type=\"container\">\n\t\t\t\t<div class=\"elementor-element elementor-element-113f83e elementor-widget elementor-widget-text-editor\" data-id=\"113f83e\" data-element_type=\"widget\" data-e-type=\"widget\" data-widget_type=\"text-editor.default\">\n\t\t\t\t<div class=\"elementor-widget-container\">\n\t\t\t\t\t\t\t\t\t<h3 data-start=\"380\" data-end=\"417\"><strong data-start=\"384\" data-end=\"415\">Literature &amp; Inspiration<\/strong><\/h3><ul data-start=\"418\" data-end=\"520\"><li data-start=\"418\" data-end=\"467\">Books on <strong data-start=\"430\" data-end=\"465\">Hildasholm and gardening<\/strong><\/li><li data-start=\"468\" data-end=\"520\"><strong data-start=\"470\" data-end=\"503\">The children's book \"Mayor Munthe\"<\/strong> by Elsa Beskow<\/li><\/ul>\t\t\t\t\t\t\t\t<\/div>\n\t\t\t\t<\/div>\n\t\t\t\t<\/div>\n\t\t<div class=\"elementor-element elementor-element-d3d2c4d e-con-full e-flex e-con e-child\" data-id=\"d3d2c4d\" data-element_type=\"container\" data-e-type=\"container\">\n\t\t\t\t<div class=\"elementor-element elementor-element-013fcf8 elementor-widget elementor-widget-text-editor\" data-id=\"013fcf8\" data-element_type=\"widget\" data-e-type=\"widget\" data-widget_type=\"text-editor.default\">\n\t\t\t\t<div class=\"elementor-widget-container\">\n\t\t\t\t\t\t\t\t\t<h3 data-start=\"527\" data-end=\"557\"><strong data-start=\"531\" data-end=\"555\">Crafts &amp; Design<\/strong><\/h3><ul data-start=\"558\" data-end=\"729\"><li data-start=\"558\" data-end=\"594\"><a href=\"https:\/\/www.iblaursen.dk\/\" target=\"_blank\" rel=\"noopener\"><strong data-start=\"560\" data-end=\"576\">Watering cans<\/strong> <\/a>from Ib Laursen<\/li><li data-start=\"595\" data-end=\"626\"><a href=\"https:\/\/ebenne.se\" target=\"_blank\" rel=\"noopener\"><strong data-start=\"597\" data-end=\"608\">Ceramics<\/strong> <\/a>by Eva Holmberg<\/li><li data-start=\"627\" data-end=\"684\"><a href=\"https:\/\/www.annagorandesign.se\/\" target=\"_blank\" rel=\"noopener\"><strong data-start=\"629\" data-end=\"668\">Enamelled mugs, trays and chopping boards<\/strong> <\/a>by Anna G\u00f6ran<\/li><li data-start=\"685\" data-end=\"729\"><a href=\"https:\/\/www.twofaces.se\/\" target=\"_blank\" rel=\"noopener\"><strong data-start=\"687\" data-end=\"712\">Beautiful rust decoration<\/strong><\/a> from Two Faces<\/li><\/ul>\t\t\t\t\t\t\t\t<\/div>\n\t\t\t\t<\/div>\n\t\t\t\t<\/div>\n\t\t<div class=\"elementor-element elementor-element-412db12 e-con-full e-flex e-con e-child\" data-id=\"412db12\" data-element_type=\"container\" data-e-type=\"container\">\n\t\t\t\t<div class=\"elementor-element elementor-element-fa18f83 elementor-widget elementor-widget-text-editor\" data-id=\"fa18f83\" data-element_type=\"widget\" data-e-type=\"widget\" data-widget_type=\"text-editor.default\">\n\t\t\t\t<div class=\"elementor-widget-container\">\n\t\t\t\t\t\t\t\t\t<h3 data-start=\"736\" data-end=\"769\"><strong data-start=\"740\" data-end=\"767\">For garden lovers<\/strong><\/h3><ul data-start=\"770\" data-end=\"887\"><li data-start=\"770\" data-end=\"843\"><strong data-start=\"772\" data-end=\"817\">Seedlings from the Hildasholm gardeners<\/strong> (sold outside the shop)<\/li><li data-start=\"844\" data-end=\"887\"><a href=\"https:\/\/ebenne.se\/skulpturer\" target=\"_blank\" rel=\"noopener\"><strong data-start=\"846\" data-end=\"869\">Bird baths and pots<\/strong><\/a> by Eva Holmberg<\/li><\/ul>\t\t\t\t\t\t\t\t<\/div>\n\t\t\t\t<\/div>\n\t\t\t\t<\/div>\n\t\t<div class=\"elementor-element elementor-element-1a8b19f e-con-full e-flex e-con e-child\" data-id=\"1a8b19f\" data-element_type=\"container\" data-e-type=\"container\">\n\t\t\t\t<div class=\"elementor-element elementor-element-d0f9b86 elementor-widget elementor-widget-text-editor\" data-id=\"d0f9b86\" data-element_type=\"widget\" data-e-type=\"widget\" data-widget_type=\"text-editor.default\">\n\t\t\t\t<div class=\"elementor-widget-container\">\n\t\t\t\t\t\t\t\t\t<h3 data-start=\"894\" data-end=\"935\"><strong data-start=\"898\" data-end=\"933\">Culture pass &amp; tickets<\/strong><\/h3><ul data-start=\"936\" data-end=\"1107\"><li data-start=\"936\" data-end=\"1038\">We are part of the <a href=\"https:\/\/new.hildasholm.org\/en\/besok-oss-2\/kulturresan\/\"><strong data-start=\"954\" data-end=\"989\">The cultural trip from Visit Dalarna<\/strong><\/a>, which offers discounts at attractions throughout Dalarna.<\/li><li data-start=\"936\" data-end=\"1038\"><a href=\"https:\/\/secure.tickster.com\/sv\/v1vu3x501pdfj6l\/selectevent\" target=\"_blank\" rel=\"noopener\"><strong>Tickets for our screenings<\/strong><\/a> The easiest way to buy is via Tickster. <strong>Subject to availability<\/strong> you can also buy tickets in the shop.<\/li><\/ul>\t\t\t\t\t\t\t\t<\/div>\n\t\t\t\t<\/div>\n\t\t\t\t<\/div>\n\t\t\t\t\t<\/div>\n\t\t\t\t<\/div>\n\t\t\t\t<\/div>","protected":false},"excerpt":{"rendered":"<p>Unika produkter med Hildasholms historia Hildasholms museibutik delar lokal med receptionen. H\u00e4r visar du upp din biljett eller k\u00f6per en p\u00e5 plats i m\u00e5n av plats. Passa p\u00e5 att utforska [&hellip;]<\/p>\n","protected":false},"author":2,"featured_media":0,"parent":1275,"menu_order":0,"comment_status":"closed","ping_status":"closed","template":"elementor_header_footer","meta":{"_EventAllDay":false,"_EventTimezone":"","_EventStartDate":"","_EventEndDate":"","_EventStartDateUTC":"","_EventEndDateUTC":"","_EventShowMap":false,"_EventShowMapLink":false,"_EventURL":"","_EventCost":"","_EventCostDescription":"","_EventCurrencySymbol":"","_EventCurrencyCode":"","_EventCurrencyPosition":"","_EventDateTimeSeparator":"","_EventTimeRangeSeparator":"","_EventOrganizerID":[],"_EventVenueID":[],"_OrganizerEmail":"","_OrganizerPhone":"","_OrganizerWebsite":"","_VenueAddress":"","_VenueCity":"","_VenueCountry":"","_VenueProvince":"","_VenueState":"","_VenueZip":"","_VenuePhone":"","_VenueURL":"","_VenueStateProvince":"","_VenueLat":"","_VenueLng":"","_VenueShowMap":false,"_VenueShowMapLink":false,"ocean_post_layout":"","ocean_both_sidebars_style":"","ocean_both_sidebars_content_width":0,"ocean_both_sidebars_sidebars_width":0,"ocean_sidebar":"","ocean_second_sidebar":"","ocean_disable_margins":"enable","ocean_add_body_class":"","ocean_shortcode_before_top_bar":"","ocean_shortcode_after_top_bar":"","ocean_shortcode_before_header":"","ocean_shortcode_after_header":"","ocean_has_shortcode":"","ocean_shortcode_after_title":"","ocean_shortcode_before_footer_widgets":"","ocean_shortcode_after_footer_widgets":"","ocean_shortcode_before_footer_bottom":"","ocean_shortcode_after_footer_bottom":"","ocean_display_top_bar":"default","ocean_display_header":"default","ocean_header_style":"","ocean_center_header_left_menu":"","ocean_custom_header_template":"","ocean_custom_logo":0,"ocean_custom_retina_logo":0,"ocean_custom_logo_max_width":0,"ocean_custom_logo_tablet_max_width":0,"ocean_custom_logo_mobile_max_width":0,"ocean_custom_logo_max_height":0,"ocean_custom_logo_tablet_max_height":0,"ocean_custom_logo_mobile_max_height":0,"ocean_header_custom_menu":"","ocean_menu_typo_font_family":"","ocean_menu_typo_font_subset":"","ocean_menu_typo_font_size":0,"ocean_menu_typo_font_size_tablet":0,"ocean_menu_typo_font_size_mobile":0,"ocean_menu_typo_font_size_unit":"px","ocean_menu_typo_font_weight":"","ocean_menu_typo_font_weight_tablet":"","ocean_menu_typo_font_weight_mobile":"","ocean_menu_typo_transform":"","ocean_menu_typo_transform_tablet":"","ocean_menu_typo_transform_mobile":"","ocean_menu_typo_line_height":0,"ocean_menu_typo_line_height_tablet":0,"ocean_menu_typo_line_height_mobile":0,"ocean_menu_typo_line_height_unit":"","ocean_menu_typo_spacing":0,"ocean_menu_typo_spacing_tablet":0,"ocean_menu_typo_spacing_mobile":0,"ocean_menu_typo_spacing_unit":"","ocean_menu_link_color":"","ocean_menu_link_color_hover":"","ocean_menu_link_color_active":"","ocean_menu_link_background":"","ocean_menu_link_hover_background":"","ocean_menu_link_active_background":"","ocean_menu_social_links_bg":"","ocean_menu_social_hover_links_bg":"","ocean_menu_social_links_color":"","ocean_menu_social_hover_links_color":"","ocean_disable_title":"default","ocean_disable_heading":"default","ocean_post_title":"","ocean_post_subheading":"","ocean_post_title_style":"","ocean_post_title_background_color":"","ocean_post_title_background":0,"ocean_post_title_bg_image_position":"","ocean_post_title_bg_image_attachment":"","ocean_post_title_bg_image_repeat":"","ocean_post_title_bg_image_size":"","ocean_post_title_height":0,"ocean_post_title_bg_overlay":0.5,"ocean_post_title_bg_overlay_color":"","ocean_disable_breadcrumbs":"default","ocean_breadcrumbs_color":"","ocean_breadcrumbs_separator_color":"","ocean_breadcrumbs_links_color":"","ocean_breadcrumbs_links_hover_color":"","ocean_display_footer_widgets":"default","ocean_display_footer_bottom":"default","ocean_custom_footer_template":"","footnotes":""},"class_list":["post-1142","page","type-page","status-publish","hentry","entry"],"_links":{"self":[{"href":"https:\/\/new.hildasholm.org\/en\/wp-json\/wp\/v2\/pages\/1142","targetHints":{"allow":["GET"]}}],"collection":[{"href":"https:\/\/new.hildasholm.org\/en\/wp-json\/wp\/v2\/pages"}],"about":[{"href":"https:\/\/new.hildasholm.org\/en\/wp-json\/wp\/v2\/types\/page"}],"author":[{"embeddable":true,"href":"https:\/\/new.hildasholm.org\/en\/wp-json\/wp\/v2\/users\/2"}],"replies":[{"embeddable":true,"href":"https:\/\/new.hildasholm.org\/en\/wp-json\/wp\/v2\/comments?post=1142"}],"version-history":[{"count":8,"href":"https:\/\/new.hildasholm.org\/en\/wp-json\/wp\/v2\/pages\/1142\/revisions"}],"predecessor-version":[{"id":1972,"href":"https:\/\/new.hildasholm.org\/en\/wp-json\/wp\/v2\/pages\/1142\/revisions\/1972"}],"up":[{"embeddable":true,"href":"https:\/\/new.hildasholm.org\/en\/wp-json\/wp\/v2\/pages\/1275"}],"wp:attachment":[{"href":"https:\/\/new.hildasholm.org\/en\/wp-json\/wp\/v2\/media?parent=1142"}],"curies":[{"name":"wp","href":"https:\/\/api.w.org\/{rel}","templated":true}]}}